{"id":4245,"date":"2025-08-25T12:28:09","date_gmt":"2025-08-25T10:28:09","guid":{"rendered":"https:\/\/es-factory.eu\/politica-de-privacidad\/"},"modified":"2025-11-12T16:53:53","modified_gmt":"2025-11-12T15:53:53","slug":"politica-de-privacidad","status":"publish","type":"page","link":"https:\/\/es-factory.eu\/gl\/politica-de-privacidad\/","title":{"rendered":"Pol\u00edtica de Privacidad"},"content":{"rendered":"\t\t<div data-elementor-type=\"wp-page\" data-elementor-id=\"4245\" class=\"elementor elementor-4245 elementor-2954\" data-elementor-post-type=\"page\">\n\t\t\t\t<div class=\"elementor-element elementor-element-64794b88 e-flex e-con-boxed e-con e-parent\" data-id=\"64794b88\" data-element_type=\"container\" data-e-type=\"container\" data-settings=\"{&quot;background_background&quot;:&quot;gradient&quot;,&quot;jet_parallax_layout_list&quot;:[],&quot;_ha_eqh_enable&quot;:false,&quot;_ob_column_has_pseudo&quot;:&quot;no&quot;}\">\n\t\t\t\t\t<div class=\"e-con-inner\">\n\t\t\t\t<div class=\"elementor-element elementor-element-4d9bf27 ha-infobox-media-dir-left elementor-widget__width-auto ha-infobox-media-dir-mobile-left elementor-widget-mobile__width-auto elementor-invisible elementor-widget elementor-widget-ha-infobox happy-addon ha-infobox\" data-id=\"4d9bf27\" data-element_type=\"widget\" data-e-type=\"widget\" data-settings=\"{&quot;_animation&quot;:&quot;fadeInRight&quot;}\" data-widget_type=\"ha-infobox.default\">\n\t\t\t\t\t\n\t\t\t\t\t<figure class=\"ha-infobox-figure ha-infobox-figure--icon\">\n\t\t\t\t<i class=\"huge huge-legal-hammer\"><\/i>\t\t\t<\/figure>\n\t\t\n\t\t<div class=\"ha-infobox-body\">\n\t\t\t<h2 class=\"ha-infobox-title\">Pol\u00edtica de privacidade<\/h2>\n\t\t\t\t\t\t\t<div class=\"ha-infobox-text\">\n\t\t\t\t\t<p>En ES-Factory compromet\u00e9monos a protexer a privacidade das persoas usuarias. Nesta secci\u00f3n inf\u00f3rmase sobre como recompilamos, utilizamos e protexemos os datos persoais conforme \u00e1 normativa vixente en materia de protecci\u00f3n de datos.<\/p>\n\t\t\t\t<\/div>\n\t\t\t\n\t\t\t\t\t<\/div>\n\t\t\t\t\t\t<\/div>\n\t\t\t\t<div class=\"elementor-element elementor-element-a719d7d animated-fast elementor-widget-divider--view-line elementor-invisible ob-has-background-overlay elementor-widget elementor-widget-divider\" data-id=\"a719d7d\" data-element_type=\"widget\" data-e-type=\"widget\" data-settings=\"{&quot;_animation&quot;:&quot;fadeInLeft&quot;,&quot;_animation_mobile&quot;:&quot;fadeInUp&quot;,&quot;_ob_poopart_use&quot;:&quot;yes&quot;}\" data-widget_type=\"divider.default\">\n\t\t\t\t\t\t\t<div class=\"elementor-divider\">\n\t\t\t<span class=\"elementor-divider-separator\">\n\t\t\t\t\t\t<\/span>\n\t\t<\/div>\n\t\t\t\t\t\t<\/div>\n\t\t\t\t\t<\/div>\n\t\t\t\t<\/div>\n\t\t<div class=\"elementor-element elementor-element-240b327 e-flex e-con-boxed e-con e-parent\" data-id=\"240b327\" data-element_type=\"container\" data-e-type=\"container\" data-settings=\"{&quot;background_background&quot;:&quot;gradient&quot;,&quot;_ha_eqh_enable&quot;:&quot;yes&quot;,&quot;jet_parallax_layout_list&quot;:[],&quot;_ha_eqh_to&quot;:&quot;widget&quot;,&quot;_ha_eqh_disable_on_tablet&quot;:&quot;no&quot;,&quot;_ha_eqh_disable_on_mobile&quot;:&quot;yes&quot;,&quot;_ob_column_has_pseudo&quot;:&quot;no&quot;}\">\n\t\t\t\t\t<div class=\"e-con-inner\">\n\t\t<div class=\"elementor-element elementor-element-caea126 e-con-full e-flex e-con e-child\" data-id=\"caea126\" data-element_type=\"container\" data-e-type=\"container\" data-settings=\"{&quot;background_background&quot;:&quot;classic&quot;,&quot;_ha_eqh_enable&quot;:&quot;yes&quot;,&quot;_ha_eqh_widget&quot;:[&quot;ha-infobox&quot;],&quot;jet_parallax_layout_list&quot;:[],&quot;_ha_eqh_to&quot;:&quot;widget&quot;,&quot;_ha_eqh_disable_on_tablet&quot;:&quot;no&quot;,&quot;_ha_eqh_disable_on_mobile&quot;:&quot;yes&quot;,&quot;_ob_column_has_pseudo&quot;:&quot;no&quot;}\">\n\t\t\t\t<div class=\"elementor-element elementor-element-a8474c8 custom-text ob-has-background-overlay elementor-widget elementor-widget-text-editor\" data-id=\"a8474c8\" data-element_type=\"widget\" data-e-type=\"widget\" data-settings=\"{&quot;_ob_poopart_use&quot;:&quot;yes&quot;}\" data-widget_type=\"text-editor.default\">\n\t\t\t\t\t\t\t\t\t<h3><strong>POL\u00cdTICA DE PRIVACIDADE<\/strong><\/h3>\nEn cumprimento da normativa vixente en materia de protecci\u00f3n de datos, Regulamento (UE) 2016\/679 do Parlamento Europeo e do Consello do 27 de abril de 2016 (RXPD-GDPR) e da Lei org\u00e1nica 3\/2018 do 5 de decembro, de protecci\u00f3n de datos e garant\u00eda dos dereitos dixitais (LOPDGDD), ofrec\u00e9moslle a seguinte informaci\u00f3n adicional sobre o tratamento que realizamos dos datos persoais.\n<h3><strong>RESPONSABLE DO TRATAMENTO DOS DATOS PERSOAIS<\/strong><\/h3>\nA responsabilidade do tratamento recae sobre o \u00f3rgano ou a entidade que determina os fins e os medios do tratamento dos datos persoais. No \u00e1mbito da Xunta de Galicia, con car\u00e1cter xeral, ser\u00edan as secretar\u00edas xerais t\u00e9cnicas das conseller\u00edas, da Presidencia e da Vicepresidencia. No caso de entidades instrumentais do sector p\u00fablico auton\u00f3mico con personalidade xur\u00eddica propia, a responsabilidade estar\u00eda nas mans da direcci\u00f3n da entidade.\n\nAs persoas usuarias deste portal te\u00f1en \u00e1 s\u00faa disposici\u00f3n toda a informaci\u00f3n relativa ao tratamento dos datos persoais levado a cabo pola Xunta de Galicia, inclu\u00edndo a forma en que poden exercer os seus dereitos, o contacto coas delegadas e delegados de protecci\u00f3n de datos e demais aspectos segundo os termos esixidos polo Regulamento europeo de protecci\u00f3n de datos persoais, na seguinte ligaz\u00f3n: Informaci\u00f3n sobre protecci\u00f3n de datos persoais (<a href=\"https:\/\/www.xunta.gal\/informacion-xeral-proteccion-datos\">https:\/\/www.xunta.gal\/informacion-xeral-proteccion-datos<\/a>).\n<h3><strong>TRATAMENTO DE DATOS<\/strong><\/h3>\n<h3><strong>CON QUE FINALIDADE TRATAMOS OS SEUS DATOS PERSOAIS?<\/strong><\/h3>\nTratamos os datos persoais que nos facilite para a xesti\u00f3n das s\u00faas consultas, principalmente, a trav\u00e9s do formulario web.\n\nTam\u00e9n podemos tratalos para o env\u00edo de informaci\u00f3n ou o anuncio de eventos de interese vinculados coa tem\u00e1tica do proxecto ES-Factory.\n\nA Xunta de Galicia comprom\u00e9tese a tratar con total confidencialidade e a aplicar as medidas de seguridade axeitadas, de tipo f\u00edsico, t\u00e9cnico e organizativo, para a protecci\u00f3n dos seus datos persoais.\n\nO tratamento quedar\u00e1 limitado polo tempo imprescindible para o cumprimento da s\u00faa finalidade e, en todo caso, polo per\u00edodo de duraci\u00f3n do proxecto, ata agosto de 2022.\n\nSe decide cancelar os seus datos persoais, estes poder\u00e1n conservarse nas nosas bases de datos durante os prazos previstos pola lexislaci\u00f3n para poder cumprir coas obrigas fiscais e contables, e ser\u00e1n eliminados unha vez que estes prazos ou os que sexan de aplicaci\u00f3n prescr\u00edban.\n<h3><strong>CAL \u00c9 A LEXITIMACI\u00d3N PARA O TRATAMENTO DOS SEUS DATOS?<\/strong><\/h3>\nA base legal para o tratamento dos seus datos \u00e9 o consentimento que debe prestarnos para poder responder \u00e1s s\u00faas consultas e enviarlle informaci\u00f3n.\n\nOs datos proporcionados pola persoa interesada utilizaranse, con car\u00e1cter \u00fanico e exclusivo, para os fins previstos no procedemento ou actuaci\u00f3n de que se trate. En ning\u00fan caso ser\u00e1n obxecto de tratamento ou cesi\u00f3n a terceiros, salvo co consentimento inequ\u00edvoco da persoa afectada.\n<h3><strong>A QUE DESTINATARIOS SE COMUNICAR\u00c1N OS SEUS DATOS?<\/strong><\/h3>\nNon se van ceder os datos persoais a ningunha entidade, ag\u00e1s aqueles que sexan necesarios a organismos p\u00fablicos por obriga legal.\n\nC\u00f3mpre sinalar que, no caso de utilizar Mailchimp, realizarase a transferencia internacional de datos que est\u00e1 amparada no Privacy Shield, en cumprimento coa normativa europea de protecci\u00f3n de datos.\n<h3><strong>CALes SON OS SEUS DEREITOS CANDO NOS FACILITA OS DATOS?<\/strong><\/h3>\nCalquera persoa ten dereito a obter confirmaci\u00f3n sobre se na nosa organizaci\u00f3n estamos a tratar datos persoais que a afecten ou non.\n\nAs\u00ed mesmo, as persoas interesadas te\u00f1en dereito a acceder aos seus datos persoais, as\u00ed como a solicitar a rectificaci\u00f3n dos datos inexactos ou, se \u00e9 o caso, solicitar a s\u00faa supresi\u00f3n cando, entre outros motivos, os datos xa non sexan necesarios para os fins para os que foron recollidos. Para iso deber\u00e1 facilitar unha fotocopia do seu documento nacional de identidade, pasaporte ou outro documento oficial v\u00e1lido e vixente que sirva como identificaci\u00f3n. No caso de que decida exercer estes dereitos, debe facer constar na mencionada comunicaci\u00f3n os datos respecto dos cales ten interese no acceso, rectificaci\u00f3n, cancelaci\u00f3n ou oposici\u00f3n.\n\nEn determinadas circunstancias, as persoas interesadas poder\u00e1n solicitar a limitaci\u00f3n do tratamento dos seus datos, caso no que unicamente os conservaremos para o exercicio ou a defensa de reclamaci\u00f3ns.\n\nEn determinadas circunstancias e por motivos relacionados coa s\u00faa situaci\u00f3n particular, as persoas interesadas poder\u00e1n opo\u00f1erse ao tratamento dos seus datos persoais. A nosa organizaci\u00f3n deixar\u00e1 de tratalos, salvo por motivos lex\u00edtimos imperiosos ou polo exercicio ou defensa de posibles reclamaci\u00f3ns.\n\nAs persoas interesadas tam\u00e9n te\u00f1en dereito a solicitar a portabilidade dos seus datos persoais, que, cando sexa posible, poder\u00e1n comunicarse directamente ao novo responsable.\n\nAs persoas interesadas poden obter informaci\u00f3n adicional sobre os seus dereitos na p\u00e1xina web da Axencia Espa\u00f1ola de Protecci\u00f3n de Datos: <a href=\"http:\/\/www.agpd.es\">www.agpd.es<\/a>.\n\nAdemais, as persoas interesadas te\u00f1en dereito a interpo\u00f1er unha reclamaci\u00f3n ante a Axencia Espa\u00f1ola de Protecci\u00f3n de Datos na seguinte ligaz\u00f3n: <a href=\"https:\/\/sedeagpd.gob.es\/sede-electronica-web\/vistas\/formQuejasSugerencias\/seleccionarQuejaSugerencia.jsf\">https:\/\/sedeagpd.gob.es\/sede-electronica-web\/vistas\/formQuejasSugerencias\/seleccionarQuejaSugerencia.jsf<\/a>\n<h3><strong>RESPONSABILIDADES E COMPROMISOS DA PERSOA USUARIA<\/strong><\/h3>\nA persoa usuaria garante que \u00e9 maior de 14 anos e que a informaci\u00f3n facilitada \u00e9 exacta e veraz, e comprom\u00e9tese a informar \u00e1 Xunta de Galicia de calquera modificaci\u00f3n da informaci\u00f3n que se lle solicitase, identific\u00e1ndose como usuaria do sitio web e concretando os datos que se modificasen.\n\nA persoa usuaria deber\u00e1 manter en segredo as claves e os c\u00f3digos de identificaci\u00f3n, se \u00e9 o caso, e informar \u00e1 Xunta de Galicia en caso de perda, substracci\u00f3n ou acceso non autorizado, o m\u00e1is axi\u00f1a posible. A Xunta non se responsabilizar\u00e1 do uso indebido por terceiros non autorizados.\n\nNo suposto de que, na execuci\u00f3n dos servizos, lle sexan facilitados \u00e1 Xunta de Galicia datos de car\u00e1cter persoal de terceiros, a persoa usuaria garante que est\u00e1 facultada lexitimamente para facilitar os mencionados datos e que procedeu a informar \u00e1 persoa interesada da cesi\u00f3n destes e a solicitar o seu consentimento, sendo responsable do incumprimento destas obrigas.\n\t\t\t\t\t\t\t\t<\/div>\n\t\t\t\t<div class=\"elementor-element elementor-element-6f36441 elementor-hidden-desktop elementor-hidden-tablet elementor-hidden-mobile ob-has-background-overlay elementor-widget elementor-widget-html\" data-id=\"6f36441\" data-element_type=\"widget\" data-e-type=\"widget\" data-settings=\"{&quot;_ob_poopart_use&quot;:&quot;yes&quot;}\" data-widget_type=\"html.default\">\n\t\t\t\t\t<style>\n\/*.custom-text {\n    padding: 30px;\n    color: color: var(--e-global-color-text);\n    background-color: white;\n    border-style: solid;\n    border-width: 1px;\n    border-color: var(--e-global-color-cd92cf8);\n    background-color: var(--e-global-color-bb5a631);\n    background-color: white;\n    border-radius: 20px;\n    font-weight: 400!important;\n}*\/\n.custom-text strong,\n.custom-text a{\n    color: var( --e-global-color-primary );\n    font-weight: 600!important;\n}\n.custom-text a:hover{\n    color: var( --e-global-color-primary );\n    text-decoration: underline;\n    font-weight: 600!important;\n}\n\/*\n.custom-text ol {\n      margin-bottom:20px;\n      font-weight:500;\n}\n.custom-text ol li {\n      color: var( --e-global-color-primary );\n}\n*\/\n.custom-text h2,\n.custom-text h3,\n.custom-text h4{\n  color: var( --e-global-color-primary );\n  font-weight: 600!important;\n  font-size: 24px;\n  line-height: 1.3em;\n  \/*text-transform: uppercase;*\/\n  margin-top: 0px;\n}\n.custom-text h3,\n.custom-text h4{\n  \/*color: var( --e-global-color-text );*\/\n  font-size: 22px;\n}\n.custom-text h2:not(:first-of-type),\n.custom-text h3:not(:first-of-type),\n.custom-text h4:not(:first-of-type) {\n  margin-top: 30px;\n}\n.custom-text h2:first-child {\n  margin-top: 0px;\n}\n.custom-text ol,\n.custom-text ul {\n  display: block;\n  padding-top: 20px;\n  padding-bottom: 10px;\n  padding-right: 20px;\n  flex-direction: row;\n  align-items: center;\n  justify-content: start;\n  margin-top: 20px;\n  margin-bottom: 20px;\n  border-radius: 0px; \n  background-color: white;\n  background-color: var(--e-global-color-7386959);\n  border:1px solid var(--e-global-color-secondary);\n}\n.custom-text ul li::marker,\n.custom-text ol li::marker {\n    color: var(--e-global-color-875050b);\n}\n.custom-text ol li,\n.custom-text ul li {\n  font-size: 16px!important;\n  margin: 0;\n  list-style:none;\n  list-style-type: square;\n  padding: 0 .2em; \/* indentation + .5em *\/\n  line-height: 1.2em; \/* default list item's `line-height` *\/\n  margin-bottom: 1em;\n  position: relative;\n  \/*color: var( --e-global-color-primary );*\/\n}\n.custom-text ol li:before,\n.custom-text ul li:before {\n    content:\"\";\n    top:0;\n    left:-20px;\n    position: absolute;\n    display: flex;\n    height: 100%;\n    \/*border-left:3px solid var( --e-global-color-primary );*\/\n}\n\n.custom-text ul li ul {\n  display: block;\n  padding-top: 20px;\n  padding-bottom: 10px;\n  padding-right: 20px;\n  flex-direction: row;\n  align-items: center;\n  justify-content: start;\n  background: rgb(255,255,255);\n\/*background: linear-gradient(90deg, rgba(255,255,255,1) 0%, rgba(222,236,253,1) 100%);*\/\n  margin-top: 20px;\n  margin-bottom: 20px;\n  margin-right: 20px;\n  border-radius: 0!important;\n}\n.custom-text ul li ul li {\n  margin: 0;\n  list-style:none;\n  padding: 0 .2em;\n  line-height: 1.2em;\n  margin-bottom: 1em;\n  position: relative;\n}\n.custom-text ul li ul li:before {\n    content:\"\";\n    top:0;\n    left:-20px;\n    position: absolute;\n    display: flex;\n    height: 100%;\n    border-left:3px solid var( --e-global-color-primary );\n}\n.custom-text h3:nth-child(2n):has(+ h3:nth-child(1n)) {\n  color: var(--e-global-color-accent) !important;\n}\n<\/style>\t\t\t\t<\/div>\n\t\t\t\t<div class=\"elementor-element elementor-element-906e5ea elementor-hidden-desktop elementor-hidden-tablet elementor-hidden-mobile ob-has-background-overlay elementor-widget elementor-widget-html\" data-id=\"906e5ea\" data-element_type=\"widget\" data-e-type=\"widget\" data-settings=\"{&quot;_ob_poopart_use&quot;:&quot;yes&quot;}\" data-widget_type=\"html.default\">\n\t\t\t\t\t<style>\n\/* Reset *\/\n.custom-text a, \n.custom-text strong, \n.custom-table,\n.custom-table thead,\n.custom-table tbody,\n.custom-table tfoot,\n.custom-table tr,\n.custom-table th,\n.custom-table td {\n  background: transparent !important;\n  background-image: none !important;\n  box-shadow: none !important;\n  border: 0;\n  margin: 0;\n  padding: 0;\n  color: inherit;\n  text-transform: none;\n  letter-spacing: normal;\n  -webkit-transition: all 0.2s!important;\n  -moz-transition: all 0.2s!important;\n  -o-transition: all 0.2s!important;\n   transition: all 0.2s!important;\n}\n\n\/* Quita zebra previa *\/\n.custom-table tbody tr:nth-child(odd),\n.custom-table tbody tr:nth-child(even) {\n  background: transparent !important;\n}\n\n\/* Normaliza tabla base *\/\n.custom-table {\n  width: 100%;\n  border-collapse: collapse;\n  margin: 50px 0;\n  overflow-x: auto; \/* scroll horizontal en m\u00f3vil *\/\n  background-color: var(--e-global-color-7386959);\n  border-radius: 12px;\n  overflow: hidden;\n  box-shadow: 0 4px 12px rgba(0,0,0,.08);\n  font-size: 15px;\n  line-height: 1.4;\n}\n\n\/* Cabecera *\/\n.custom-table thead {\n  background-color: var(--e-global-color-primary) !important;\n  color: #fff !important;\n  font-size: 13px;\n  font-weight: 600;\n  text-transform: uppercase;\n  letter-spacing: .05em;\n}\n\n.custom-table th {\n  padding: 16px 20px;\n  text-align: left;\n  border: 1px solid var(--e-global-color-secondary);\n}\n\n\/* Celdas *\/\n.custom-table td {\n  padding: 14px 20px;\n  border: 1px solid var(--e-global-color-secondary);\n  vertical-align: top;\n  transition: background-color .3s ease, color .3s ease;\n}\n\n\/* Zebra *\/\n.custom-table tbody tr:nth-child(even) { background-color: #fff; }\n.custom-table tbody tr:nth-child(odd)  { background-color: var(--e-global-color-7386959) !important; }\n\n\/* Hover *\/\n.custom-table tbody tr:hover {\n  background-color: var(--e-global-color-875050b) !important;\n  color: #000;\n}\n\n\/* Enlaces *\/\n.custom-table a {\n  color: var(--e-global-color-accent);\n  font-weight: 600;\n  text-decoration: none;\n}\n.custom-table a:hover { text-decoration: underline; }\n\n\/* Responsive *\/\n@media (max-width: 768px) {\n  .custom-table { font-size: 13px; }\n  .custom-table th,\n  .custom-table td { padding: 12px 14px; }\n}\n\n<\/style>\t\t\t\t<\/div>\n\t\t\t\t<\/div>\n\t\t\t\t\t<\/div>\n\t\t\t\t<\/div>\n\t\t\t\t<\/div>\n\t\t","protected":false},"excerpt":{"rendered":"<p>Pol\u00edtica de privacidade En ES-Factory compromet\u00e9monos a protexer a privacidade das persoas usuarias. Nesta secci\u00f3n inf\u00f3rmase sobre como recompilamos, utilizamos e protexemos os datos persoais conforme \u00e1 normativa vixente en materia de protecci\u00f3n de datos. POL\u00cdTICA DE PRIVACIDADE En cumprimento da normativa vixente en materia de protecci\u00f3n de datos, Regulamento (UE) 2016\/679 do Parlamento Europeo [&hellip;]<\/p>\n","protected":false},"author":1,"featured_media":0,"parent":0,"menu_order":0,"comment_status":"closed","ping_status":"closed","template":"","meta":{"footnotes":""},"class_list":["post-4245","page","type-page","status-publish","hentry"],"_links":{"self":[{"href":"https:\/\/es-factory.eu\/gl\/wp-json\/wp\/v2\/pages\/4245","targetHints":{"allow":["GET"]}}],"collection":[{"href":"https:\/\/es-factory.eu\/gl\/wp-json\/wp\/v2\/pages"}],"about":[{"href":"https:\/\/es-factory.eu\/gl\/wp-json\/wp\/v2\/types\/page"}],"author":[{"embeddable":true,"href":"https:\/\/es-factory.eu\/gl\/wp-json\/wp\/v2\/users\/1"}],"replies":[{"embeddable":true,"href":"https:\/\/es-factory.eu\/gl\/wp-json\/wp\/v2\/comments?post=4245"}],"version-history":[{"count":0,"href":"https:\/\/es-factory.eu\/gl\/wp-json\/wp\/v2\/pages\/4245\/revisions"}],"wp:attachment":[{"href":"https:\/\/es-factory.eu\/gl\/wp-json\/wp\/v2\/media?parent=4245"}],"curies":[{"name":"wp","href":"https:\/\/api.w.org\/{rel}","templated":true}]}}