{"id":4247,"date":"2025-08-25T12:28:36","date_gmt":"2025-08-25T10:28:36","guid":{"rendered":"https:\/\/es-factory.eu\/politica-de-cookies\/"},"modified":"2025-11-12T16:47:27","modified_gmt":"2025-11-12T15:47:27","slug":"politica-de-cookies","status":"publish","type":"page","link":"https:\/\/es-factory.eu\/gl\/politica-de-cookies\/","title":{"rendered":"Pol\u00edtica de Cookies"},"content":{"rendered":"\t\t<div data-elementor-type=\"wp-page\" data-elementor-id=\"4247\" class=\"elementor elementor-4247 elementor-2956\" data-elementor-post-type=\"page\">\n\t\t\t\t<div class=\"elementor-element elementor-element-64794b88 e-flex e-con-boxed e-con e-parent\" data-id=\"64794b88\" data-element_type=\"container\" data-e-type=\"container\" data-settings=\"{&quot;background_background&quot;:&quot;gradient&quot;,&quot;jet_parallax_layout_list&quot;:[],&quot;_ha_eqh_enable&quot;:false,&quot;_ob_column_has_pseudo&quot;:&quot;no&quot;}\">\n\t\t\t\t\t<div class=\"e-con-inner\">\n\t\t\t\t<div class=\"elementor-element elementor-element-4d9bf27 ha-infobox-media-dir-left elementor-widget__width-auto ha-infobox-media-dir-mobile-left elementor-widget-mobile__width-auto elementor-invisible elementor-widget elementor-widget-ha-infobox happy-addon ha-infobox\" data-id=\"4d9bf27\" data-element_type=\"widget\" data-e-type=\"widget\" data-settings=\"{&quot;_animation&quot;:&quot;fadeInRight&quot;}\" data-widget_type=\"ha-infobox.default\">\n\t\t\t\t\t\n\t\t\t\t\t<figure class=\"ha-infobox-figure ha-infobox-figure--icon\">\n\t\t\t\t<i class=\"huge huge-cookie\"><\/i>\t\t\t<\/figure>\n\t\t\n\t\t<div class=\"ha-infobox-body\">\n\t\t\t<h2 class=\"ha-infobox-title\">Pol\u00edtica de cookies<\/h2>\n\t\t\t\t\t\t\t<div class=\"ha-infobox-text\">\n\t\t\t\t\t<p>Este sitio utiliza cookies para mellorar a experiencia de navegaci\u00f3n e ofrecer contidos adaptados aos intereses das persoas usuarias. Nesta secci\u00f3n expl\u00edcase que tipos de cookies se empregan, con que finalidade e como \u00e9 posible configuralas ou desactivalas.\n<\/p>\n\t\t\t\t<\/div>\n\t\t\t\n\t\t\t\t\t<\/div>\n\t\t\t\t\t\t<\/div>\n\t\t\t\t<div class=\"elementor-element elementor-element-a719d7d animated-fast elementor-widget-divider--view-line elementor-invisible ob-has-background-overlay elementor-widget elementor-widget-divider\" data-id=\"a719d7d\" data-element_type=\"widget\" data-e-type=\"widget\" data-settings=\"{&quot;_animation&quot;:&quot;fadeInLeft&quot;,&quot;_animation_mobile&quot;:&quot;fadeInUp&quot;,&quot;_ob_poopart_use&quot;:&quot;yes&quot;}\" data-widget_type=\"divider.default\">\n\t\t\t\t\t\t\t<div class=\"elementor-divider\">\n\t\t\t<span class=\"elementor-divider-separator\">\n\t\t\t\t\t\t<\/span>\n\t\t<\/div>\n\t\t\t\t\t\t<\/div>\n\t\t\t\t\t<\/div>\n\t\t\t\t<\/div>\n\t\t<div class=\"elementor-element elementor-element-61a9d71 e-flex e-con-boxed e-con e-parent\" data-id=\"61a9d71\" data-element_type=\"container\" data-e-type=\"container\" data-settings=\"{&quot;background_background&quot;:&quot;gradient&quot;,&quot;_ha_eqh_enable&quot;:&quot;yes&quot;,&quot;jet_parallax_layout_list&quot;:[],&quot;_ha_eqh_to&quot;:&quot;widget&quot;,&quot;_ha_eqh_disable_on_tablet&quot;:&quot;no&quot;,&quot;_ha_eqh_disable_on_mobile&quot;:&quot;yes&quot;,&quot;_ob_column_has_pseudo&quot;:&quot;no&quot;}\">\n\t\t\t\t\t<div class=\"e-con-inner\">\n\t\t<div class=\"elementor-element elementor-element-3892c89 e-con-full e-flex e-con e-child\" data-id=\"3892c89\" data-element_type=\"container\" data-e-type=\"container\" data-settings=\"{&quot;background_background&quot;:&quot;classic&quot;,&quot;_ha_eqh_enable&quot;:&quot;yes&quot;,&quot;_ha_eqh_widget&quot;:[&quot;ha-infobox&quot;],&quot;jet_parallax_layout_list&quot;:[],&quot;_ha_eqh_to&quot;:&quot;widget&quot;,&quot;_ha_eqh_disable_on_tablet&quot;:&quot;no&quot;,&quot;_ha_eqh_disable_on_mobile&quot;:&quot;yes&quot;,&quot;_ob_column_has_pseudo&quot;:&quot;no&quot;}\">\n\t\t\t\t<div class=\"elementor-element elementor-element-5624a7d custom-text ob-has-background-overlay elementor-widget elementor-widget-text-editor\" data-id=\"5624a7d\" data-element_type=\"widget\" data-e-type=\"widget\" data-settings=\"{&quot;_ob_poopart_use&quot;:&quot;yes&quot;}\" data-widget_type=\"text-editor.default\">\n\t\t\t\t\t\t\t\t\t<h3>POL\u00cdTICA DE COOKIES<\/h3>\nO sitio web <strong>es-factory.eu<\/strong> utiliza cookies coa finalidade de ofrecerlle unha mellor experiencia na s\u00faa navegaci\u00f3n. As\u00ed mesmo, no caso de que preste o seu consentimento, utilizaremos cookies que nos permitan obter m\u00e1is informaci\u00f3n sobre as s\u00faas preferencias e personalizar o noso sitio web de conformidade cos seus intereses individuais, para que te\u00f1a unha navegaci\u00f3n m\u00e1is flu\u00edda e personalizada.\n\nDende <strong>es-factory.eu<\/strong> queremos informar, de maneira clara e precisa, sobre as cookies que empregamos no noso sitio web. Vostede poder\u00e1 en todo momento aceptalas, rexeitalas ou configurar as diferentes cookies que utilizamos. No caso de que desexe obter m\u00e1is informaci\u00f3n sobre o uso e a finalidade que facemos delas, pode escribir un correo electr\u00f3nico a\n<a href=\"mailto:info@es-factory.eu\">info@es-factory.eu<\/a>.\n\n<h3>\u00bfQUE \u00c9 UNHA COOKIE?<\/h3>\nUnha cookie \u00e9 un pequeno ficheiro que se descarga no ordenador, tablet ou smartphone da persoa usuaria, coa finalidade de almacenar datos e informaci\u00f3n que poder\u00e1n ser actualizados e recuperados pola entidade responsable da s\u00faa instalaci\u00f3n.\n\nA informaci\u00f3n recollida a trav\u00e9s das cookies pode inclu\u00edr a data e a hora das visitas ao sitio web, as distintas p\u00e1xinas que visualizou ou o tempo que permaneceu nel. Esta informaci\u00f3n ser\u00e1 utilizada polo titular da web para mellorar os seus contidos, facela m\u00e1is atractiva e situar correctamente os contidos que m\u00e1is lle interesan.\n\n<h3>\u00bfQue tipos de cookies utiliza este sitio web?<\/h3>\nEste sitio web utiliza os seguintes tipos de cookies:\n\n<strong>\u2013 Cookies propias<\/strong>\n\nEsta tipolox\u00eda env\u00edase ao seu ordenador e somos exclusivamente n\u00f3s quen as xestionamos para o mellor funcionamento do sitio web. A informaci\u00f3n que obtemos empr\u00e9gase para mellorar a calidade do noso servizo e a s\u00faa experiencia como usuaria\/o.\n\n<strong>\u2013 Cookies de terceiros<\/strong>\n\nSon as que se env\u00edan ao seu equipo dende un equipo ou dominio que non xestionamos n\u00f3s, sen\u00f3n outra entidade colaboradora; por exemplo, as cookies anal\u00edticas utilizadas por Google ou as empregadas polas redes sociais para ofrecer a posibilidade de compartir ou recomendar contidos da nosa p\u00e1xina web nelas.\n\nAs cookies necesarias son absolutamente esenciais para que o sitio web funcione correctamente, pois garanten funcionalidades b\u00e1sicas e caracter\u00edsticas de seguridade deste de forma an\u00f3nima.\n\nAs cookies anal\u00edticas \u00fasanse para entender como interact\u00faan as persoas que visitan o sitio web. Estas cookies axudan a proporcionar informaci\u00f3n sobre as m\u00e9tricas, o n\u00famero de visitas, a taxa de rebote, a fonte de tr\u00e1fico, etc.\n\nAs cookies de rendemento util\u00edzanse para comprender e analizar os \u00edndices clave de rendemento do sitio web, o que axuda a ofrecer unha mellor experiencia \u00e1s persoas visitantes.\n\nAs cookies publicitarias empr\u00e9ganse para proporcionar anuncios relevantes e campa\u00f1as de marketing. Estas cookies rastrexan \u00e1s persoas usuarias dos sitios web e recompilan informaci\u00f3n para ofrecer anuncios personalizados.\n\nAs cookies funcionais axudan a realizar certas funcionalidades, como compartir o contido do sitio web en plataformas de redes sociais, recoller comentarios e outras caracter\u00edsticas de terceiros.\n\nEn concreto, as cookies utilizadas neste sitio web det\u00e1llanse a continuaci\u00f3n:\n\n<div>\n<table class=\"custom-table\">\n<thead>\n<tr>\n<th><strong>Nome<\/strong><\/th>\n<th><strong>Finalidade<\/strong><\/th>\n<th><strong>Duraci\u00f3n<\/strong><\/th>\n<th><strong>Tipolox\u00eda<\/strong><\/th>\n<\/tr>\n<\/thead>\n<tbody>\n<tr>\n<td>__utma<\/td>\n<td>Para distinguir usuarios e sesi\u00f3ns. De Google Analytics.<\/td>\n<td>2 anos<\/td>\n<td>An\u00e1lise<\/td>\n<\/tr>\n<tr>\n<td>__utmb<\/td>\n<td>Para determinar novas sesi\u00f3ns ou visitas. De Google Analytics.<\/td>\n<td>30 minutos<\/td>\n<td>An\u00e1lise<\/td>\n<\/tr>\n<tr>\n<td>__utmc<\/td>\n<td>Configurada para interactuar con urchin.js. De Google Analytics.<\/td>\n<td>Ao rematar a sesi\u00f3n<\/td>\n<td>An\u00e1lise<\/td>\n<\/tr>\n<tr>\n<td>__utmt<\/td>\n<td>Para limitar a porcentaxe de solicitudes. De Google Analytics.<\/td>\n<td>10 minutos<\/td>\n<td>An\u00e1lise<\/td>\n<\/tr>\n<tr>\n<td>__utmz<\/td>\n<td>Almacena a fonte de tr\u00e1fico ou a campa\u00f1a que explica como chegou o usuario ao sitio web. De Google Analytics.<\/td>\n<td>6 meses<\/td>\n<td>An\u00e1lise<\/td>\n<\/tr>\n<tr>\n<td>cookielawinfo-checkbox-necessary<\/td>\n<td>Cont\u00e9n o valor de se se aceptou a pol\u00edtica de cookies e de privacidade.<\/td>\n<td>Caduca coa sesi\u00f3n<\/td>\n<td>T\u00e9cnica<\/td>\n<\/tr>\n<tr>\n<td>cookielawinfo-checkbox-non-necessary<\/td>\n<td>Cont\u00e9n o valor de se se aceptou a pol\u00edtica de cookies e de privacidade.<\/td>\n<td>Caduca coa sesi\u00f3n<\/td>\n<td>T\u00e9cnica<\/td>\n<\/tr>\n<\/tbody>\n<\/table>\n<\/div>\n\nEn cumprimento da <strong>Lei 34\/2002 e do RXPD debe aceptalas e dar o seu consentimento expreso<\/strong>.\n\nA nosa web tratar\u00e1 os datos que vostede nos proporcione unicamente coa finalidade de xestionar o servizo que solicite en cada momento. Sempre poder\u00e1 dirixirse mediante o correo electr\u00f3nico\n<a href=\"mailto:info@es-factory.eu\">info@es-factory.eu<\/a> ou por tel\u00e9fono para resolver todas as s\u00faas d\u00fabidas.\n\n<h3>\u00bfComo podo configurar ou desactivar as cookies que utiliza este sitio web?<\/h3>\nDispomos dun <em>plug-in<\/em> que permite aceptar, rexeitar ou configurar as cookies en todo momento.\n\nAdemais, vostede poder\u00e1 restrinxir ou bloquear as cookies mediante a modificaci\u00f3n da configuraci\u00f3n do navegador que empregue no seu equipo. Con car\u00e1cter xeral, os navegadores ofrecen as seguintes opci\u00f3ns de configuraci\u00f3n en relaci\u00f3n coa instalaci\u00f3n de cookies:\n<ul>\n  <li><a href=\"https:\/\/support.microsoft.com\/es-es\/help\/17442\/windows-internet-explorer-delete-manage-cookies\" target=\"_blank\" rel=\"noopener\">Internet Explorer<\/a><\/li>\n  <li><a href=\"https:\/\/support.mozilla.org\/es\/kb\/habilitar-y-deshabilitar-cookies-sitios-web-rastrear-preferencias\" target=\"_blank\" rel=\"noopener\">Firefox<\/a><\/li>\n  <li><a href=\"https:\/\/support.google.com\/accounts\/answer\/61416?co=GENIE.Platform%3DDesktop&amp;hl=es\" target=\"_blank\" rel=\"noopener\">Chrome<\/a><\/li>\n  <li><a href=\"https:\/\/support.apple.com\/es-es\/guide\/safari\/sfri11471\/mac\" target=\"_blank\" rel=\"noopener\">Safari<\/a><\/li>\n<\/ul>\n\nSe se impide a instalaci\u00f3n de todas as cookies da p\u00e1xina web, algunhas funcionalidades desta, as\u00ed como alg\u00fans contidos, poden verse afectados.\n\n<h3>Cambios na pol\u00edtica de cookies<\/h3>\n\u00c9 posible que actualicemos a pol\u00edtica de cookies do noso sitio web. Por este motivo, recomendamos revisar esta pol\u00edtica cada vez que acceda a este co obxectivo de estar adecuadamente informado sobre como e para que usamos as cookies. A pol\u00edtica de cookies deste sitio web actualizouse por \u00faltima vez o 24 de abril de 2020.\n\t\t\t\t\t\t\t\t<\/div>\n\t\t\t\t<div class=\"elementor-element elementor-element-8f2b4b3 elementor-hidden-desktop elementor-hidden-tablet elementor-hidden-mobile ob-has-background-overlay elementor-widget elementor-widget-html\" data-id=\"8f2b4b3\" data-element_type=\"widget\" data-e-type=\"widget\" data-settings=\"{&quot;_ob_poopart_use&quot;:&quot;yes&quot;}\" data-widget_type=\"html.default\">\n\t\t\t\t\t<style>\n\/*.custom-text {\n    padding: 30px;\n    color: color: var(--e-global-color-text);\n    background-color: white;\n    border-style: solid;\n    border-width: 1px;\n    border-color: var(--e-global-color-cd92cf8);\n    background-color: var(--e-global-color-bb5a631);\n    background-color: white;\n    border-radius: 20px;\n    font-weight: 400!important;\n}*\/\n.custom-text strong,\n.custom-text a{\n    color: var( --e-global-color-primary );\n    font-weight: 600!important;\n}\n.custom-text a:hover{\n    color: var( --e-global-color-primary );\n    text-decoration: underline;\n    font-weight: 600!important;\n}\n\/*\n.custom-text ol {\n      margin-bottom:20px;\n      font-weight:500;\n}\n.custom-text ol li {\n      color: var( --e-global-color-primary );\n}\n*\/\n.custom-text h2,\n.custom-text h3,\n.custom-text h4{\n  color: var( --e-global-color-primary );\n  font-weight: 600!important;\n  font-size: 24px;\n  line-height: 1.3em;\n  \/*text-transform: uppercase;*\/\n  margin-top: 0px;\n}\n.custom-text h3,\n.custom-text h4{\n  \/*color: var( --e-global-color-text );*\/\n  font-size: 22px;\n}\n.custom-text h2:not(:first-of-type),\n.custom-text h3:not(:first-of-type),\n.custom-text h4:not(:first-of-type) {\n  margin-top: 30px;\n}\n.custom-text h2:first-child {\n  margin-top: 0px;\n}\n.custom-text ol,\n.custom-text ul {\n  display: block;\n  padding-top: 20px;\n  padding-bottom: 10px;\n  padding-right: 20px;\n  flex-direction: row;\n  align-items: center;\n  justify-content: start;\n  margin-top: 20px;\n  margin-bottom: 20px;\n  border-radius: 0px; \n  background-color: white;\n  background-color: var(--e-global-color-7386959);\n  border:1px solid var(--e-global-color-secondary);\n}\n.custom-text ul li::marker,\n.custom-text ol li::marker {\n    color: var(--e-global-color-875050b);\n}\n.custom-text ol li,\n.custom-text ul li {\n  font-size: 16px!important;\n  margin: 0;\n  list-style:none;\n  list-style-type: square;\n  padding: 0 .2em; \/* indentation + .5em *\/\n  line-height: 1.2em; \/* default list item's `line-height` *\/\n  margin-bottom: 1em;\n  position: relative;\n  \/*color: var( --e-global-color-primary );*\/\n}\n.custom-text ol li:before,\n.custom-text ul li:before {\n    content:\"\";\n    top:0;\n    left:-20px;\n    position: absolute;\n    display: flex;\n    height: 100%;\n    \/*border-left:3px solid var( --e-global-color-primary );*\/\n}\n\n.custom-text ul li ul {\n  display: block;\n  padding-top: 20px;\n  padding-bottom: 10px;\n  padding-right: 20px;\n  flex-direction: row;\n  align-items: center;\n  justify-content: start;\n  background: rgb(255,255,255);\n\/*background: linear-gradient(90deg, rgba(255,255,255,1) 0%, rgba(222,236,253,1) 100%);*\/\n  margin-top: 20px;\n  margin-bottom: 20px;\n  margin-right: 20px;\n  border-radius: 0!important;\n}\n.custom-text ul li ul li {\n  margin: 0;\n  list-style:none;\n  padding: 0 .2em;\n  line-height: 1.2em;\n  margin-bottom: 1em;\n  position: relative;\n}\n.custom-text ul li ul li:before {\n    content:\"\";\n    top:0;\n    left:-20px;\n    position: absolute;\n    display: flex;\n    height: 100%;\n    border-left:3px solid var( --e-global-color-primary );\n}\n<\/style>\t\t\t\t<\/div>\n\t\t\t\t<div class=\"elementor-element elementor-element-557427d elementor-hidden-desktop elementor-hidden-tablet elementor-hidden-mobile ob-has-background-overlay elementor-widget elementor-widget-html\" data-id=\"557427d\" data-element_type=\"widget\" data-e-type=\"widget\" data-settings=\"{&quot;_ob_poopart_use&quot;:&quot;yes&quot;}\" data-widget_type=\"html.default\">\n\t\t\t\t\t<style>\n\/* Reset *\/\n.custom-text a, \n.custom-text strong, \n.custom-table,\n.custom-table thead,\n.custom-table tbody,\n.custom-table tfoot,\n.custom-table tr,\n.custom-table th,\n.custom-table td {\n  background: transparent !important;\n  background-image: none !important;\n  box-shadow: none !important;\n  border: 0;\n  margin: 0;\n  padding: 0;\n  color: inherit;\n  text-transform: none;\n  letter-spacing: normal;\n  -webkit-transition: all 0.2s!important;\n  -moz-transition: all 0.2s!important;\n  -o-transition: all 0.2s!important;\n   transition: all 0.2s!important;\n}\n\n\/* Quita zebra previa *\/\n.custom-table tbody tr:nth-child(odd),\n.custom-table tbody tr:nth-child(even) {\n  background: transparent !important;\n}\n\n\/* Normaliza tabla base *\/\n.custom-table {\n  width: 100%;\n  border-collapse: collapse;\n  margin: 50px 0;\n  overflow-x: auto; \/* scroll horizontal en m\u00f3vil *\/\n  background-color: var(--e-global-color-7386959);\n  border-radius: 12px;\n  overflow: hidden;\n  box-shadow: 0 4px 12px rgba(0,0,0,.08);\n  font-size: 15px;\n  line-height: 1.4;\n}\n\n\/* Cabecera *\/\n.custom-table thead {\n  background-color: var(--e-global-color-primary) !important;\n  color: #fff !important;\n  font-size: 13px;\n  font-weight: 600;\n  text-transform: uppercase;\n  letter-spacing: .05em;\n}\n\n.custom-table th {\n  padding: 16px 20px;\n  text-align: left;\n  border: 1px solid var(--e-global-color-secondary);\n}\n\n\/* Celdas *\/\n.custom-table td {\n  padding: 14px 20px;\n  border: 1px solid var(--e-global-color-secondary);\n  vertical-align: top;\n  transition: background-color .3s ease, color .3s ease;\n}\n\n\/* Zebra *\/\n.custom-table tbody tr:nth-child(even) { background-color: #fff; }\n.custom-table tbody tr:nth-child(odd)  { background-color: var(--e-global-color-7386959) !important; }\n\n\/* Hover *\/\n.custom-table tbody tr:hover {\n  background-color: var(--e-global-color-875050b) !important;\n  color: #000;\n}\n\n\/* Enlaces *\/\n.custom-table a {\n  color: var(--e-global-color-accent);\n  font-weight: 600;\n  text-decoration: none;\n}\n.custom-table a:hover { text-decoration: underline; }\n\n\/* Responsive *\/\n@media (max-width: 768px) {\n  .custom-table { font-size: 13px; }\n  .custom-table th,\n  .custom-table td { padding: 12px 14px; }\n}\n\n<\/style>\t\t\t\t<\/div>\n\t\t\t\t<\/div>\n\t\t\t\t\t<\/div>\n\t\t\t\t<\/div>\n\t\t\t\t<\/div>\n\t\t","protected":false},"excerpt":{"rendered":"<p>Pol\u00edtica de cookies Este sitio utiliza cookies para mellorar a experiencia de navegaci\u00f3n e ofrecer contidos adaptados aos intereses das persoas usuarias. Nesta secci\u00f3n expl\u00edcase que tipos de cookies se empregan, con que finalidade e como \u00e9 posible configuralas ou desactivalas. POL\u00cdTICA DE COOKIES O sitio web es-factory.eu utiliza cookies coa finalidade de ofrecerlle unha [&hellip;]<\/p>\n","protected":false},"author":1,"featured_media":0,"parent":0,"menu_order":0,"comment_status":"closed","ping_status":"closed","template":"","meta":{"footnotes":""},"class_list":["post-4247","page","type-page","status-publish","hentry"],"_links":{"self":[{"href":"https:\/\/es-factory.eu\/gl\/wp-json\/wp\/v2\/pages\/4247","targetHints":{"allow":["GET"]}}],"collection":[{"href":"https:\/\/es-factory.eu\/gl\/wp-json\/wp\/v2\/pages"}],"about":[{"href":"https:\/\/es-factory.eu\/gl\/wp-json\/wp\/v2\/types\/page"}],"author":[{"embeddable":true,"href":"https:\/\/es-factory.eu\/gl\/wp-json\/wp\/v2\/users\/1"}],"replies":[{"embeddable":true,"href":"https:\/\/es-factory.eu\/gl\/wp-json\/wp\/v2\/comments?post=4247"}],"version-history":[{"count":0,"href":"https:\/\/es-factory.eu\/gl\/wp-json\/wp\/v2\/pages\/4247\/revisions"}],"wp:attachment":[{"href":"https:\/\/es-factory.eu\/gl\/wp-json\/wp\/v2\/media?parent=4247"}],"curies":[{"name":"wp","href":"https:\/\/api.w.org\/{rel}","templated":true}]}}