{"id":4180,"date":"2025-08-21T21:24:21","date_gmt":"2025-08-21T19:24:21","guid":{"rendered":"https:\/\/es-factory.eu\/recursos\/"},"modified":"2025-11-26T09:37:27","modified_gmt":"2025-11-26T08:37:27","slug":"recursos","status":"publish","type":"page","link":"https:\/\/es-factory.eu\/pt-pt\/recursos\/","title":{"rendered":"Recursos"},"content":{"rendered":"\t\t<div data-elementor-type=\"wp-page\" data-elementor-id=\"4180\" class=\"elementor elementor-4180 elementor-1113\" data-elementor-post-type=\"page\">\n\t\t\t\t<div class=\"elementor-element elementor-element-64794b88 e-flex e-con-boxed e-con e-parent\" data-id=\"64794b88\" data-element_type=\"container\" data-e-type=\"container\" data-settings=\"{&quot;background_background&quot;:&quot;gradient&quot;,&quot;jet_parallax_layout_list&quot;:[],&quot;_ha_eqh_enable&quot;:false,&quot;_ob_column_has_pseudo&quot;:&quot;no&quot;}\">\n\t\t\t\t\t<div class=\"e-con-inner\">\n\t\t\t\t<div class=\"elementor-element elementor-element-4d9bf27 ha-infobox-media-dir-left elementor-widget__width-auto ha-infobox-media-dir-mobile-left elementor-widget-mobile__width-auto elementor-invisible elementor-widget elementor-widget-ha-infobox happy-addon ha-infobox\" data-id=\"4d9bf27\" data-element_type=\"widget\" data-e-type=\"widget\" data-settings=\"{&quot;_animation&quot;:&quot;fadeInRight&quot;}\" data-widget_type=\"ha-infobox.default\">\n\t\t\t\t\t\n\t\t\t\t\t<figure class=\"ha-infobox-figure ha-infobox-figure--icon\">\n\t\t\t\t<i class=\"huge huge-time-setting-03\"><\/i>\t\t\t<\/figure>\n\t\t\n\t\t<div class=\"ha-infobox-body\">\n\t\t\t<h2 class=\"ha-infobox-title\">Recursos<\/h2>\n\t\t\t\t\t\t\t<div class=\"ha-infobox-text\">\n\t\t\t\t\t<p>Disponibilizamos-te uma s\u00e9rie de materiais de apoio, tais como relat\u00f3rios, guias e documentos pr\u00e1ticos relacionados com as economias emergentes e a economia social. Estes recursos foram concebidos para ajudar os empres\u00e1rios, as organiza\u00e7\u00f5es e os profissionais do sector.<\/p>\n\t\t\t\t<\/div>\n\t\t\t\n\t\t\t\t\t<\/div>\n\t\t\t\t\t\t<\/div>\n\t\t\t\t<div class=\"elementor-element elementor-element-a719d7d animated-fast elementor-widget-divider--view-line elementor-invisible ob-has-background-overlay elementor-widget elementor-widget-divider\" data-id=\"a719d7d\" data-element_type=\"widget\" data-e-type=\"widget\" data-settings=\"{&quot;_animation&quot;:&quot;fadeInLeft&quot;,&quot;_animation_mobile&quot;:&quot;fadeInUp&quot;,&quot;_ob_poopart_use&quot;:&quot;yes&quot;}\" data-widget_type=\"divider.default\">\n\t\t\t\t\t\t\t<div class=\"elementor-divider\">\n\t\t\t<span class=\"elementor-divider-separator\">\n\t\t\t\t\t\t<\/span>\n\t\t<\/div>\n\t\t\t\t\t\t<\/div>\n\t\t\t\t\t<\/div>\n\t\t\t\t<\/div>\n\t\t<div class=\"elementor-element elementor-element-4fc03a13 e-con-full recursos e-flex e-con e-parent\" data-id=\"4fc03a13\" data-element_type=\"container\" data-e-type=\"container\" data-settings=\"{&quot;background_background&quot;:&quot;gradient&quot;,&quot;_ha_eqh_enable&quot;:&quot;yes&quot;,&quot;_ha_eqh_widget&quot;:[&quot;ha-infobox&quot;],&quot;jet_parallax_layout_list&quot;:[],&quot;_ha_eqh_to&quot;:&quot;widget&quot;,&quot;_ha_eqh_disable_on_tablet&quot;:&quot;no&quot;,&quot;_ha_eqh_disable_on_mobile&quot;:&quot;yes&quot;,&quot;_ob_column_has_pseudo&quot;:&quot;no&quot;}\">\n\t\t<div class=\"elementor-element elementor-element-ea78572 e-flex e-con-boxed e-con e-child\" data-id=\"ea78572\" data-element_type=\"container\" data-e-type=\"container\" data-settings=\"{&quot;jet_parallax_layout_list&quot;:[],&quot;_ha_eqh_enable&quot;:false,&quot;_ob_column_has_pseudo&quot;:&quot;no&quot;}\">\n\t\t\t\t\t<div class=\"e-con-inner\">\n\t\t\t\t<div class=\"elementor-element elementor-element-a8749f3 ob-has-background-overlay elementor-widget elementor-widget-heading\" data-id=\"a8749f3\" data-element_type=\"widget\" data-e-type=\"widget\" data-settings=\"{&quot;_ob_poopart_use&quot;:&quot;yes&quot;}\" data-widget_type=\"heading.default\">\n\t\t\t\t\t<h2 class=\"elementor-heading-title elementor-size-default\">Relat\u00f3rios de oportunidades<\/h2>\t\t\t\t<\/div>\n\t\t\t\t<div class=\"elementor-element elementor-element-22cb28c ob-has-background-overlay elementor-widget elementor-widget-image\" data-id=\"22cb28c\" data-element_type=\"widget\" data-e-type=\"widget\" data-settings=\"{&quot;_ob_poopart_use&quot;:&quot;yes&quot;}\" data-widget_type=\"image.default\">\n\t\t\t\t\t\t\t\t\t\t\t\t\t\t\t<img decoding=\"async\" src=\"https:\/\/es-factory.eu\/wp-content\/uploads\/2024\/06\/flecha-negra.svg\" alt=\"\" class=\"attachment-full size-full wp-image-76\" width=\"0\" height=\"0\" \/>\t\t\t\t\t\t\t\t\t\t\t\t\t\t\t<\/div>\n\t\t\t\t<div class=\"elementor-element elementor-element-a6814c5 elementor-invisible ob-has-background-overlay elementor-widget elementor-widget-text-editor\" data-id=\"a6814c5\" data-element_type=\"widget\" data-e-type=\"widget\" data-settings=\"{&quot;_animation&quot;:&quot;fadeInUp&quot;,&quot;_ob_poopart_use&quot;:&quot;yes&quot;}\" data-widget_type=\"text-editor.default\">\n\t\t\t\t\t\t\t\t\t<p>Cinco relat\u00f3rios que re\u00fanem as oportunidades de neg\u00f3cio identificadas em actividades emergentes em sectores como a economia azul (mares e oceanos), a economia verde (ambiente e energias renov\u00e1veis), a economia prateada (servi\u00e7os de cuidados para idosos e cuidados de sa\u00fade), a economia laranja (arte, lazer e turismo) e a economia amarela (TIC, grandes dados e intelig\u00eancia artificial), no \u00e2mbito dos convites \u00e0 apresenta\u00e7\u00e3o de propostas lan\u00e7ados pelos parceiros do projeto.<\/p>\t\t\t\t\t\t\t\t<\/div>\n\t\t\t\t\t<\/div>\n\t\t\t\t<\/div>\n\t\t<div class=\"elementor-element elementor-element-6cd7d04 e-flex e-con-boxed elementor-invisible e-con e-child\" data-id=\"6cd7d04\" data-element_type=\"container\" data-e-type=\"container\" data-settings=\"{&quot;jet_parallax_layout_list&quot;:[],&quot;animation&quot;:&quot;fadeInRight&quot;,&quot;_ha_eqh_enable&quot;:&quot;yes&quot;,&quot;_ha_eqh_widget&quot;:[&quot;ha-infobox&quot;],&quot;_ha_eqh_to&quot;:&quot;widget&quot;,&quot;_ha_eqh_disable_on_tablet&quot;:&quot;no&quot;,&quot;_ha_eqh_disable_on_mobile&quot;:&quot;yes&quot;,&quot;_ob_column_has_pseudo&quot;:&quot;no&quot;}\">\n\t\t\t\t\t<div class=\"e-con-inner\">\n\t\t\t\t<div class=\"elementor-element elementor-element-96c5886 ha-infobox-media-dir-top elementor-invisible ob-has-background-overlay elementor-widget elementor-widget-ha-infobox happy-addon ha-infobox\" data-id=\"96c5886\" data-element_type=\"widget\" data-e-type=\"widget\" data-settings=\"{&quot;_animation&quot;:&quot;fadeInLeft&quot;,&quot;_ob_poopart_use&quot;:&quot;yes&quot;}\" data-widget_type=\"ha-infobox.default\">\n\t\t\t\t\t\n\t\t\t\t\t<figure class=\"ha-infobox-figure ha-infobox-figure--icon\">\n\t\t\t\t<i class=\"huge huge-document-attachment\"><\/i>\t\t\t<\/figure>\n\t\t\n\t\t<div class=\"ha-infobox-body\">\n\t\t\t<h2 class=\"ha-infobox-title\">Relat\u00f3rio de oportunidades da economia da prata<\/h2>\n\t\t\t\n\t\t\t<a class=\"ha-btn ha-btn--link\" href=\"\/wp-content\/uploads\/2025\/11\/Informe-Economia-prateada_PT.pdf\" target=\"_blank\"><span class=\"ha-btn-text\">Descarrega<\/span><\/a>\t\t<\/div>\n\t\t\t\t\t\t<\/div>\n\t\t\t\t<div class=\"elementor-element elementor-element-a5ac8a4 ha-infobox-media-dir-top elementor-invisible ob-has-background-overlay elementor-widget elementor-widget-ha-infobox happy-addon ha-infobox\" data-id=\"a5ac8a4\" data-element_type=\"widget\" data-e-type=\"widget\" data-settings=\"{&quot;_animation&quot;:&quot;fadeInLeft&quot;,&quot;_ob_poopart_use&quot;:&quot;yes&quot;}\" data-widget_type=\"ha-infobox.default\">\n\t\t\t\t\t\n\t\t\t\t\t<figure class=\"ha-infobox-figure ha-infobox-figure--icon\">\n\t\t\t\t<i class=\"huge huge-document-attachment\"><\/i>\t\t\t<\/figure>\n\t\t\n\t\t<div class=\"ha-infobox-body\">\n\t\t\t<h2 class=\"ha-infobox-title\">Relat\u00f3rio de oportunidades da economia laranja<\/h2>\n\t\t\t\n\t\t\t<a class=\"ha-btn ha-btn--link\" href=\"\/wp-content\/uploads\/2025\/11\/Informe-ES-FACTORY-oportunidades_PT.pdf\" target=\"_blank\"><span class=\"ha-btn-text\">Descarrega<\/span><\/a>\t\t<\/div>\n\t\t\t\t\t\t<\/div>\n\t\t\t\t<div class=\"elementor-element elementor-element-12fc691 ha-infobox-media-dir-top elementor-invisible ob-has-background-overlay elementor-widget elementor-widget-ha-infobox happy-addon ha-infobox\" data-id=\"12fc691\" data-element_type=\"widget\" data-e-type=\"widget\" data-settings=\"{&quot;_animation&quot;:&quot;fadeInLeft&quot;,&quot;_ob_poopart_use&quot;:&quot;yes&quot;}\" data-widget_type=\"ha-infobox.default\">\n\t\t\t\t\t\n\t\t\t\t\t<figure class=\"ha-infobox-figure ha-infobox-figure--icon\">\n\t\t\t\t<i class=\"huge huge-document-attachment\"><\/i>\t\t\t<\/figure>\n\t\t\n\t\t<div class=\"ha-infobox-body\">\n\t\t\t<h2 class=\"ha-infobox-title\">Relat\u00f3rio de oportunidades da economia verde<\/h2>\n\t\t\t\n\t\t\t<a class=\"ha-btn ha-btn--link\" href=\"\/wp-content\/uploads\/2025\/11\/Informe-Desafios-e-oportunidades-da-Economia-Verde-na-Galiza-Norte-de-Portugal_PT_vf.pdf\" target=\"_blank\"><span class=\"ha-btn-text\">Descarrega<\/span><\/a>\t\t<\/div>\n\t\t\t\t\t\t<\/div>\n\t\t\t\t<div class=\"elementor-element elementor-element-41569fe elementor-hidden-desktop elementor-hidden-tablet elementor-hidden-mobile ha-infobox-media-dir-top elementor-invisible ob-has-background-overlay elementor-widget elementor-widget-ha-infobox happy-addon ha-infobox\" data-id=\"41569fe\" data-element_type=\"widget\" data-e-type=\"widget\" data-settings=\"{&quot;_animation&quot;:&quot;fadeInLeft&quot;,&quot;_ob_poopart_use&quot;:&quot;yes&quot;}\" data-widget_type=\"ha-infobox.default\">\n\t\t\t\t\t\n\t\t\t\t\t<figure class=\"ha-infobox-figure ha-infobox-figure--icon\">\n\t\t\t\t<i class=\"huge huge-document-attachment\"><\/i>\t\t\t<\/figure>\n\t\t\n\t\t<div class=\"ha-infobox-body\">\n\t\t\t<h2 class=\"ha-infobox-title\">Relat\u00f3rio sobre as oportunidades da economia azul e verde<\/h2>\n\t\t\t\n\t\t\t<a class=\"ha-btn ha-btn--link\" href=\"https:\/\/es-factory.eu\/pt-pt\/\" target=\"_blank\"><span class=\"ha-btn-text\">Descarrega<\/span><\/a>\t\t<\/div>\n\t\t\t\t\t\t<\/div>\n\t\t\t\t\t<\/div>\n\t\t\t\t<\/div>\n\t\t<div class=\"elementor-element elementor-element-b27d6ef e-flex e-con-boxed e-con e-child\" data-id=\"b27d6ef\" data-element_type=\"container\" data-e-type=\"container\" data-settings=\"{&quot;jet_parallax_layout_list&quot;:[],&quot;_ha_eqh_enable&quot;:false,&quot;_ob_column_has_pseudo&quot;:&quot;no&quot;}\">\n\t\t\t\t\t<div class=\"e-con-inner\">\n\t\t\t\t<div class=\"elementor-element elementor-element-150b592 ob-has-background-overlay elementor-widget elementor-widget-heading\" data-id=\"150b592\" data-element_type=\"widget\" data-e-type=\"widget\" data-settings=\"{&quot;_ob_poopart_use&quot;:&quot;yes&quot;}\" data-widget_type=\"heading.default\">\n\t\t\t\t\t<h2 class=\"elementor-heading-title elementor-size-default\">Agendas Intersectoriais  <\/h2>\t\t\t\t<\/div>\n\t\t\t\t<div class=\"elementor-element elementor-element-e135057 ob-has-background-overlay elementor-widget elementor-widget-image\" data-id=\"e135057\" data-element_type=\"widget\" data-e-type=\"widget\" data-settings=\"{&quot;_ob_poopart_use&quot;:&quot;yes&quot;}\" data-widget_type=\"image.default\">\n\t\t\t\t\t\t\t\t\t\t\t\t\t\t\t<img decoding=\"async\" src=\"https:\/\/es-factory.eu\/wp-content\/uploads\/2024\/06\/flecha-negra.svg\" alt=\"\" class=\"attachment-full size-full wp-image-76\" width=\"0\" height=\"0\" \/>\t\t\t\t\t\t\t\t\t\t\t\t\t\t\t<\/div>\n\t\t\t\t<div class=\"elementor-element elementor-element-deb624f elementor-invisible ob-has-background-overlay elementor-widget elementor-widget-text-editor\" data-id=\"deb624f\" data-element_type=\"widget\" data-e-type=\"widget\" data-settings=\"{&quot;_animation&quot;:&quot;fadeInUp&quot;,&quot;_ob_poopart_use&quot;:&quot;yes&quot;}\" data-widget_type=\"text-editor.default\">\n\t\t\t\t\t\t\t\t\t<p>Cinco agendas intersectoriais que ligam a economia social e as economias emergentes em sectores como a economia azul (mares e oceanos), a economia verde (ambiente e energias renov\u00e1veis), a economia prateada (cuidados a adultos e servi\u00e7os de sa\u00fade), a economia laranja (artes, lazer e turismo) e a economia amarela (TIC, grandes volumes de dados e IA).<\/p>\t\t\t\t\t\t\t\t<\/div>\n\t\t\t\t\t<\/div>\n\t\t\t\t<\/div>\n\t\t<div class=\"elementor-element elementor-element-fdf63ba e-flex e-con-boxed elementor-invisible e-con e-child\" data-id=\"fdf63ba\" data-element_type=\"container\" data-e-type=\"container\" data-settings=\"{&quot;jet_parallax_layout_list&quot;:[],&quot;animation&quot;:&quot;fadeInRight&quot;,&quot;_ha_eqh_enable&quot;:&quot;yes&quot;,&quot;_ha_eqh_widget&quot;:[&quot;ha-infobox&quot;],&quot;_ha_eqh_to&quot;:&quot;widget&quot;,&quot;_ha_eqh_disable_on_tablet&quot;:&quot;no&quot;,&quot;_ha_eqh_disable_on_mobile&quot;:&quot;yes&quot;,&quot;_ob_column_has_pseudo&quot;:&quot;no&quot;}\">\n\t\t\t\t\t<div class=\"e-con-inner\">\n\t\t\t\t<div class=\"elementor-element elementor-element-caafffd ha-infobox-media-dir-top elementor-invisible ob-has-background-overlay elementor-widget elementor-widget-ha-infobox happy-addon ha-infobox\" data-id=\"caafffd\" data-element_type=\"widget\" data-e-type=\"widget\" data-settings=\"{&quot;_animation&quot;:&quot;fadeInLeft&quot;,&quot;_ob_poopart_use&quot;:&quot;yes&quot;}\" data-widget_type=\"ha-infobox.default\">\n\t\t\t\t\t\n\t\t\t\t\t<figure class=\"ha-infobox-figure ha-infobox-figure--icon\">\n\t\t\t\t<i class=\"huge huge-document-attachment\"><\/i>\t\t\t<\/figure>\n\t\t\n\t\t<div class=\"ha-infobox-body\">\n\t\t\t<h2 class=\"ha-infobox-title\">Agenda da Silver Economy<\/h2>\n\t\t\t\n\t\t\t<a class=\"ha-btn ha-btn--link\" href=\"\/wp-content\/uploads\/2025\/08\/Agenda-da-Economia-Prata-ES-FACTORY_ES.pdf\" target=\"_blank\"><span class=\"ha-btn-text\">Descarrega<\/span><\/a>\t\t<\/div>\n\t\t\t\t\t\t<\/div>\n\t\t\t\t<div class=\"elementor-element elementor-element-54cb8ef ha-infobox-media-dir-top elementor-invisible ob-has-background-overlay elementor-widget elementor-widget-ha-infobox happy-addon ha-infobox\" data-id=\"54cb8ef\" data-element_type=\"widget\" data-e-type=\"widget\" data-settings=\"{&quot;_animation&quot;:&quot;fadeInLeft&quot;,&quot;_ob_poopart_use&quot;:&quot;yes&quot;}\" data-widget_type=\"ha-infobox.default\">\n\t\t\t\t\t\n\t\t\t\t\t<figure class=\"ha-infobox-figure ha-infobox-figure--icon\">\n\t\t\t\t<i class=\"huge huge-document-attachment\"><\/i>\t\t\t<\/figure>\n\t\t\n\t\t<div class=\"ha-infobox-body\">\n\t\t\t<h2 class=\"ha-infobox-title\">Agenda da economia laranja<\/h2>\n\t\t\t\n\t\t\t<a class=\"ha-btn ha-btn--link\" href=\"\/wp-content\/uploads\/2025\/08\/Informe-ES-FACTORY-oportunidades_naranja.pdf\" target=\"_blank\"><span class=\"ha-btn-text\">Descarrega<\/span><\/a>\t\t<\/div>\n\t\t\t\t\t\t<\/div>\n\t\t\t\t\t<\/div>\n\t\t\t\t<\/div>\n\t\t<div class=\"elementor-element elementor-element-7ebfafd e-flex e-con-boxed e-con e-child\" data-id=\"7ebfafd\" data-element_type=\"container\" data-e-type=\"container\" data-settings=\"{&quot;jet_parallax_layout_list&quot;:[],&quot;_ha_eqh_enable&quot;:false,&quot;_ob_column_has_pseudo&quot;:&quot;no&quot;}\">\n\t\t\t\t\t<div class=\"e-con-inner\">\n\t\t\t\t<div class=\"elementor-element elementor-element-ad263dc ob-has-background-overlay elementor-widget elementor-widget-heading\" data-id=\"ad263dc\" data-element_type=\"widget\" data-e-type=\"widget\" data-settings=\"{&quot;_ob_poopart_use&quot;:&quot;yes&quot;}\" data-widget_type=\"heading.default\">\n\t\t\t\t\t<h2 class=\"elementor-heading-title elementor-size-default\">Orienta\u00e7\u00f5es para promover o esp\u00edrito empresarial nas economias emergentes<\/h2>\t\t\t\t<\/div>\n\t\t\t\t<div class=\"elementor-element elementor-element-61aa4d6 ob-has-background-overlay elementor-widget elementor-widget-image\" data-id=\"61aa4d6\" data-element_type=\"widget\" data-e-type=\"widget\" data-settings=\"{&quot;_ob_poopart_use&quot;:&quot;yes&quot;}\" data-widget_type=\"image.default\">\n\t\t\t\t\t\t\t\t\t\t\t\t\t\t\t<img decoding=\"async\" src=\"https:\/\/es-factory.eu\/wp-content\/uploads\/2024\/06\/flecha-negra.svg\" alt=\"\" class=\"attachment-full size-full wp-image-76\" width=\"0\" height=\"0\" \/>\t\t\t\t\t\t\t\t\t\t\t\t\t\t\t<\/div>\n\t\t\t\t<div class=\"elementor-element elementor-element-f952786 elementor-invisible ob-has-background-overlay elementor-widget elementor-widget-text-editor\" data-id=\"f952786\" data-element_type=\"widget\" data-e-type=\"widget\" data-settings=\"{&quot;_animation&quot;:&quot;fadeInUp&quot;,&quot;_ob_poopart_use&quot;:&quot;yes&quot;}\" data-widget_type=\"text-editor.default\">\n\t\t\t\t\t\t\t\t\t<p>Estes guias s\u00e3o criados com o objetivo de fornecer informa\u00e7\u00f5es relevantes para a cria\u00e7\u00e3o de projectos empresariais em cada uma das economias emergentes no territ\u00f3rio (cuidados, lazer e turismo, ambiente, &#8230;).<\/p>\t\t\t\t\t\t\t\t<\/div>\n\t\t\t\t\t<\/div>\n\t\t\t\t<\/div>\n\t\t<div class=\"elementor-element elementor-element-85b8bb0 e-flex e-con-boxed elementor-invisible e-con e-child\" data-id=\"85b8bb0\" data-element_type=\"container\" data-e-type=\"container\" data-settings=\"{&quot;jet_parallax_layout_list&quot;:[],&quot;animation&quot;:&quot;fadeInRight&quot;,&quot;_ha_eqh_enable&quot;:&quot;yes&quot;,&quot;_ha_eqh_widget&quot;:[&quot;ha-infobox&quot;],&quot;_ha_eqh_to&quot;:&quot;widget&quot;,&quot;_ha_eqh_disable_on_tablet&quot;:&quot;no&quot;,&quot;_ha_eqh_disable_on_mobile&quot;:&quot;yes&quot;,&quot;_ob_column_has_pseudo&quot;:&quot;no&quot;}\">\n\t\t\t\t\t<div class=\"e-con-inner\">\n\t\t\t\t<div class=\"elementor-element elementor-element-4c7db81 ha-infobox-media-dir-top elementor-invisible ob-has-background-overlay elementor-widget elementor-widget-ha-infobox happy-addon ha-infobox\" data-id=\"4c7db81\" data-element_type=\"widget\" data-e-type=\"widget\" data-settings=\"{&quot;_animation&quot;:&quot;fadeInLeft&quot;,&quot;_ob_poopart_use&quot;:&quot;yes&quot;}\" data-widget_type=\"ha-infobox.default\">\n\t\t\t\t\t\n\t\t\t\t\t<figure class=\"ha-infobox-figure ha-infobox-figure--icon\">\n\t\t\t\t<i class=\"huge huge-document-attachment\"><\/i>\t\t\t<\/figure>\n\t\t\n\t\t<div class=\"ha-infobox-body\">\n\t\t\t<h2 class=\"ha-infobox-title\">Guia para a economia da prata<\/h2>\n\t\t\t\n\t\t\t<a class=\"ha-btn ha-btn--link\" href=\"\/wp-content\/uploads\/2025\/08\/Guia_EconomiaPrata_PT.pdf\" target=\"_blank\"><span class=\"ha-btn-text\">Descarrega<\/span><\/a>\t\t<\/div>\n\t\t\t\t\t\t<\/div>\n\t\t\t\t<div class=\"elementor-element elementor-element-a61e5cd ha-infobox-media-dir-top elementor-invisible ob-has-background-overlay elementor-widget elementor-widget-ha-infobox happy-addon ha-infobox\" data-id=\"a61e5cd\" data-element_type=\"widget\" data-e-type=\"widget\" data-settings=\"{&quot;_animation&quot;:&quot;fadeInLeft&quot;,&quot;_ob_poopart_use&quot;:&quot;yes&quot;}\" data-widget_type=\"ha-infobox.default\">\n\t\t\t\t\t\n\t\t\t\t\t<figure class=\"ha-infobox-figure ha-infobox-figure--icon\">\n\t\t\t\t<i class=\"huge huge-document-attachment\"><\/i>\t\t\t<\/figure>\n\t\t\n\t\t<div class=\"ha-infobox-body\">\n\t\t\t<h2 class=\"ha-infobox-title\">Kit de ferramentas Silver Economy<\/h2>\n\t\t\t\n\t\t\t<a class=\"ha-btn ha-btn--link\" href=\"\/wp-content\/uploads\/2025\/08\/Toolkit_EconomiaPrata_PT.pdf\" target=\"_blank\"><span class=\"ha-btn-text\">Descarrega<\/span><\/a>\t\t<\/div>\n\t\t\t\t\t\t<\/div>\n\t\t\t\t\t<\/div>\n\t\t\t\t<\/div>\n\t\t<div class=\"elementor-element elementor-element-8bc406e e-flex e-con-boxed e-con e-child\" data-id=\"8bc406e\" data-element_type=\"container\" data-e-type=\"container\" data-settings=\"{&quot;jet_parallax_layout_list&quot;:[],&quot;_ha_eqh_enable&quot;:false,&quot;_ob_column_has_pseudo&quot;:&quot;no&quot;}\">\n\t\t\t\t\t<div class=\"e-con-inner\">\n\t\t\t\t<div class=\"elementor-element elementor-element-e35584a ob-has-background-overlay elementor-widget elementor-widget-heading\" data-id=\"e35584a\" data-element_type=\"widget\" data-e-type=\"widget\" data-settings=\"{&quot;_ob_poopart_use&quot;:&quot;yes&quot;}\" data-widget_type=\"heading.default\">\n\t\t\t\t\t<h2 class=\"elementor-heading-title elementor-size-default\">Ferramentas e recursos<\/h2>\t\t\t\t<\/div>\n\t\t\t\t<div class=\"elementor-element elementor-element-627f7ef ob-has-background-overlay elementor-widget elementor-widget-image\" data-id=\"627f7ef\" data-element_type=\"widget\" data-e-type=\"widget\" data-settings=\"{&quot;_ob_poopart_use&quot;:&quot;yes&quot;}\" data-widget_type=\"image.default\">\n\t\t\t\t\t\t\t\t\t\t\t\t\t\t\t<img decoding=\"async\" src=\"https:\/\/es-factory.eu\/wp-content\/uploads\/2024\/06\/flecha-negra.svg\" alt=\"\" class=\"attachment-full size-full wp-image-76\" width=\"0\" height=\"0\" \/>\t\t\t\t\t\t\t\t\t\t\t\t\t\t\t<\/div>\n\t\t\t\t<div class=\"elementor-element elementor-element-6d1a246 elementor-invisible ob-has-background-overlay elementor-widget elementor-widget-text-editor\" data-id=\"6d1a246\" data-element_type=\"widget\" data-e-type=\"widget\" data-settings=\"{&quot;_animation&quot;:&quot;fadeInUp&quot;,&quot;_ob_poopart_use&quot;:&quot;yes&quot;}\" data-widget_type=\"text-editor.default\">\n\t\t\t\t\t\t\t\t\tO objetivo destes elementos \u00e9 incentivar a promo\u00e7\u00e3o de capacidades e compet\u00eancias no desenvolvimento de ac\u00e7\u00f5es empresariais e ac\u00e7\u00f5es emergentes.\t\t\t\t\t\t\t\t<\/div>\n\t\t\t\t\t<\/div>\n\t\t\t\t<\/div>\n\t\t<div class=\"elementor-element elementor-element-936143d e-flex e-con-boxed elementor-invisible e-con e-child\" data-id=\"936143d\" data-element_type=\"container\" data-e-type=\"container\" data-settings=\"{&quot;jet_parallax_layout_list&quot;:[],&quot;animation&quot;:&quot;fadeInRight&quot;,&quot;_ha_eqh_enable&quot;:&quot;yes&quot;,&quot;_ha_eqh_widget&quot;:[&quot;ha-infobox&quot;],&quot;_ha_eqh_to&quot;:&quot;widget&quot;,&quot;_ha_eqh_disable_on_tablet&quot;:&quot;no&quot;,&quot;_ha_eqh_disable_on_mobile&quot;:&quot;yes&quot;,&quot;_ob_column_has_pseudo&quot;:&quot;no&quot;}\">\n\t\t\t\t\t<div class=\"e-con-inner\">\n\t\t\t\t<div class=\"elementor-element elementor-element-96bf3bc ha-infobox-media-dir-top elementor-invisible ob-has-background-overlay elementor-widget elementor-widget-ha-infobox happy-addon ha-infobox\" data-id=\"96bf3bc\" data-element_type=\"widget\" data-e-type=\"widget\" data-settings=\"{&quot;_animation&quot;:&quot;fadeInLeft&quot;,&quot;_ob_poopart_use&quot;:&quot;yes&quot;}\" data-widget_type=\"ha-infobox.default\">\n\t\t\t\t\t\n\t\t\t\t\t<figure class=\"ha-infobox-figure ha-infobox-figure--icon\">\n\t\t\t\t<i class=\"huge huge-document-attachment\"><\/i>\t\t\t<\/figure>\n\t\t\n\t\t<div class=\"ha-infobox-body\">\n\t\t\t<h2 class=\"ha-infobox-title\">Projeto ODS da Galiza<\/h2>\n\t\t\t\n\t\t\t<a class=\"ha-btn ha-btn--link\" href=\"\/wp-content\/uploads\/2025\/11\/Proyecto-ODS-GALLEGO.pdf\" target=\"_blank\"><span class=\"ha-btn-text\">Descarrega<\/span><\/a>\t\t<\/div>\n\t\t\t\t\t\t<\/div>\n\t\t\t\t\t<\/div>\n\t\t\t\t<\/div>\n\t\t\t\t<\/div>\n\t\t<div class=\"elementor-element elementor-element-45cbc20f elementor-hidden-desktop elementor-hidden-tablet elementor-hidden-mobile e-flex e-con-boxed e-con e-parent\" data-id=\"45cbc20f\" data-element_type=\"container\" data-e-type=\"container\" data-settings=\"{&quot;jet_parallax_layout_list&quot;:[],&quot;_ha_eqh_enable&quot;:false,&quot;_ob_column_has_pseudo&quot;:&quot;no&quot;}\">\n\t\t\t\t\t<div class=\"e-con-inner\">\n\t\t\t\t<div class=\"elementor-element elementor-element-1d2a2a07 ob-has-background-overlay elementor-widget elementor-widget-html\" data-id=\"1d2a2a07\" data-element_type=\"widget\" data-e-type=\"widget\" data-settings=\"{&quot;_ob_poopart_use&quot;:&quot;yes&quot;}\" data-widget_type=\"html.default\">\n\t\t\t\t\t<style>.elementor-location-footer .elementor-top-section:first-of-type {\n    background-color: white !important;\n}\n<\/style>\t\t\t\t<\/div>\n\t\t\t\t\t<\/div>\n\t\t\t\t<\/div>\n\t\t<div class=\"elementor-element elementor-element-7b03bae elementor-hidden-desktop elementor-hidden-tablet elementor-hidden-mobile e-flex e-con-boxed e-con e-parent\" data-id=\"7b03bae\" data-element_type=\"container\" data-e-type=\"container\" data-settings=\"{&quot;jet_parallax_layout_list&quot;:[],&quot;_ha_eqh_enable&quot;:false,&quot;_ob_column_has_pseudo&quot;:&quot;no&quot;}\">\n\t\t\t\t\t<div class=\"e-con-inner\">\n\t\t\t\t<div class=\"elementor-element elementor-element-d48f96c ob-has-background-overlay elementor-widget elementor-widget-html\" data-id=\"d48f96c\" data-element_type=\"widget\" data-e-type=\"widget\" data-settings=\"{&quot;_ob_poopart_use&quot;:&quot;yes&quot;}\" data-widget_type=\"html.default\">\n\t\t\t\t\t<script>jQuery(document).ready(function($){\n    $('.recursos .ha-infobox-title')\n        .initEqualHeights(null, null, 768);\n});\n<\/script>\t\t\t\t<\/div>\n\t\t\t\t\t<\/div>\n\t\t\t\t<\/div>\n\t\t\t\t<\/div>\n\t\t","protected":false},"excerpt":{"rendered":"<p>Recursos Disponibilizamos-te uma s\u00e9rie de materiais de apoio, tais como relat\u00f3rios, guias e documentos pr\u00e1ticos relacionados com as economias emergentes e a economia social. Estes recursos foram concebidos para ajudar os empres\u00e1rios, as organiza\u00e7\u00f5es e os profissionais do sector. Relat\u00f3rios de oportunidades Cinco relat\u00f3rios que re\u00fanem as oportunidades de neg\u00f3cio identificadas em actividades emergentes em [&hellip;]<\/p>\n","protected":false},"author":1,"featured_media":0,"parent":0,"menu_order":0,"comment_status":"closed","ping_status":"closed","template":"","meta":{"footnotes":""},"class_list":["post-4180","page","type-page","status-publish","hentry"],"_links":{"self":[{"href":"https:\/\/es-factory.eu\/pt-pt\/wp-json\/wp\/v2\/pages\/4180","targetHints":{"allow":["GET"]}}],"collection":[{"href":"https:\/\/es-factory.eu\/pt-pt\/wp-json\/wp\/v2\/pages"}],"about":[{"href":"https:\/\/es-factory.eu\/pt-pt\/wp-json\/wp\/v2\/types\/page"}],"author":[{"embeddable":true,"href":"https:\/\/es-factory.eu\/pt-pt\/wp-json\/wp\/v2\/users\/1"}],"replies":[{"embeddable":true,"href":"https:\/\/es-factory.eu\/pt-pt\/wp-json\/wp\/v2\/comments?post=4180"}],"version-history":[{"count":0,"href":"https:\/\/es-factory.eu\/pt-pt\/wp-json\/wp\/v2\/pages\/4180\/revisions"}],"wp:attachment":[{"href":"https:\/\/es-factory.eu\/pt-pt\/wp-json\/wp\/v2\/media?parent=4180"}],"curies":[{"name":"wp","href":"https:\/\/api.w.org\/{rel}","templated":true}]}}