{"id":4204,"date":"2025-08-25T12:27:33","date_gmt":"2025-08-25T10:27:33","guid":{"rendered":"https:\/\/es-factory.eu\/aviso-legal\/"},"modified":"2025-11-12T14:03:59","modified_gmt":"2025-11-12T13:03:59","slug":"aviso-legal","status":"publish","type":"page","link":"https:\/\/es-factory.eu\/pt-pt\/aviso-legal\/","title":{"rendered":"Aviso Legal"},"content":{"rendered":"\t\t<div data-elementor-type=\"wp-page\" data-elementor-id=\"4204\" class=\"elementor elementor-4204 elementor-2952\" data-elementor-post-type=\"page\">\n\t\t\t\t<div class=\"elementor-element elementor-element-64794b88 e-flex e-con-boxed e-con e-parent\" data-id=\"64794b88\" data-element_type=\"container\" data-e-type=\"container\" data-settings=\"{&quot;background_background&quot;:&quot;gradient&quot;,&quot;jet_parallax_layout_list&quot;:[],&quot;_ha_eqh_enable&quot;:false,&quot;_ob_column_has_pseudo&quot;:&quot;no&quot;}\">\n\t\t\t\t\t<div class=\"e-con-inner\">\n\t\t\t\t<div class=\"elementor-element elementor-element-4d9bf27 ha-infobox-media-dir-left elementor-widget__width-auto ha-infobox-media-dir-mobile-left elementor-widget-mobile__width-auto elementor-invisible elementor-widget elementor-widget-ha-infobox happy-addon ha-infobox\" data-id=\"4d9bf27\" data-element_type=\"widget\" data-e-type=\"widget\" data-settings=\"{&quot;_animation&quot;:&quot;fadeInRight&quot;}\" data-widget_type=\"ha-infobox.default\">\n\t\t\t\t\t\n\t\t\t\t\t<figure class=\"ha-infobox-figure ha-infobox-figure--icon\">\n\t\t\t\t<i class=\"huge huge-legal-document-01\"><\/i>\t\t\t<\/figure>\n\t\t\n\t\t<div class=\"ha-infobox-body\">\n\t\t\t<h2 class=\"ha-infobox-title\">Aviso legal<\/h2>\n\t\t\t\t\t\t\t<div class=\"ha-infobox-text\">\n\t\t\t\t\t<p>Este site web \u00e9 propriedade do ES-Factory. O acesso e uso dos seus conte\u00fados implica a aceita\u00e7\u00e3o das condi\u00e7\u00f5es estabelecidas neste aviso legal. Aqui s\u00e3o detalhados a titularidade, finalidade e condi\u00e7\u00f5es de uso da informa\u00e7\u00e3o publicada.\n<\/p>\n\t\t\t\t<\/div>\n\t\t\t\n\t\t\t\t\t<\/div>\n\t\t\t\t\t\t<\/div>\n\t\t\t\t<div class=\"elementor-element elementor-element-a719d7d animated-fast elementor-widget-divider--view-line elementor-invisible ob-has-background-overlay elementor-widget elementor-widget-divider\" data-id=\"a719d7d\" data-element_type=\"widget\" data-e-type=\"widget\" data-settings=\"{&quot;_animation&quot;:&quot;fadeInLeft&quot;,&quot;_animation_mobile&quot;:&quot;fadeInUp&quot;,&quot;_ob_poopart_use&quot;:&quot;yes&quot;}\" data-widget_type=\"divider.default\">\n\t\t\t\t\t\t\t<div class=\"elementor-divider\">\n\t\t\t<span class=\"elementor-divider-separator\">\n\t\t\t\t\t\t<\/span>\n\t\t<\/div>\n\t\t\t\t\t\t<\/div>\n\t\t\t\t\t<\/div>\n\t\t\t\t<\/div>\n\t\t<div class=\"elementor-element elementor-element-346b0b0 e-flex e-con-boxed e-con e-parent\" data-id=\"346b0b0\" data-element_type=\"container\" data-e-type=\"container\" data-settings=\"{&quot;background_background&quot;:&quot;gradient&quot;,&quot;_ha_eqh_enable&quot;:&quot;yes&quot;,&quot;jet_parallax_layout_list&quot;:[],&quot;_ha_eqh_to&quot;:&quot;widget&quot;,&quot;_ha_eqh_disable_on_tablet&quot;:&quot;no&quot;,&quot;_ha_eqh_disable_on_mobile&quot;:&quot;yes&quot;,&quot;_ob_column_has_pseudo&quot;:&quot;no&quot;}\">\n\t\t\t\t\t<div class=\"e-con-inner\">\n\t\t<div class=\"elementor-element elementor-element-b32de49 e-con-full e-flex e-con e-child\" data-id=\"b32de49\" data-element_type=\"container\" data-e-type=\"container\" data-settings=\"{&quot;background_background&quot;:&quot;classic&quot;,&quot;_ha_eqh_enable&quot;:&quot;yes&quot;,&quot;_ha_eqh_widget&quot;:[&quot;ha-infobox&quot;],&quot;jet_parallax_layout_list&quot;:[],&quot;_ha_eqh_to&quot;:&quot;widget&quot;,&quot;_ha_eqh_disable_on_tablet&quot;:&quot;no&quot;,&quot;_ha_eqh_disable_on_mobile&quot;:&quot;yes&quot;,&quot;_ob_column_has_pseudo&quot;:&quot;no&quot;}\">\n\t\t\t\t<div class=\"elementor-element elementor-element-78a0cff custom-text ob-has-background-overlay elementor-widget elementor-widget-text-editor\" data-id=\"78a0cff\" data-element_type=\"widget\" data-e-type=\"widget\" data-settings=\"{&quot;_ob_poopart_use&quot;:&quot;yes&quot;}\" data-widget_type=\"text-editor.default\">\n\t\t\t\t\t\t\t\t\t<h3><strong>INFORMA\u00c7\u00c3O GERAL<\/strong><\/h3>\nO endere\u00e7o URL <a href=\"https:\/\/es-factory.eu\/\">https:\/\/es-factory.eu\/<\/a> do site \u00e9 um dom\u00ednio registado pela Xunta de Galiza.\n\nEsta p\u00e1gina tem um prop\u00f3sito informativo e de uso exclusivamente profissional, com o objetivo de facilitar ao p\u00fablico o conhecimento dos produtos e servi\u00e7os jur\u00eddicos oferecidos. O acesso ao site \u00e9, em princ\u00edpio, gratuito, sem preju\u00edzo de que a contrata\u00e7\u00e3o de produtos ou servi\u00e7os atrav\u00e9s do site possa estar sujeita a uma contrapartida econ\u00f3mica.\n\nO utilizador compromete-se a n\u00e3o utilizar o site nem a informa\u00e7\u00e3o nele disponibilizada para realizar atividades contr\u00e1rias \u00e0 lei, \u00e0 moral ou \u00e0 ordem p\u00fablica, e a respeitar as condi\u00e7\u00f5es de uso estabelecidas pela Xunta de Galiza.\n\n<h3><strong>PROPRIEDADE INTELECTUAL E INDUSTRIAL<\/strong><\/h3>\nA Xunta de Galiza \u00e9 titular dos direitos de propriedade intelectual sobre o conte\u00fado deste site, incluindo, de forma enunciativa e n\u00e3o limitativa, o design gr\u00e1fico, c\u00f3digos, fontes, textos, imagens, v\u00eddeos, marcas, logotipos ou sinais distintivos.\n\n\u00c9 proibida a modifica\u00e7\u00e3o, c\u00f3pia, reprodu\u00e7\u00e3o, download, transmiss\u00e3o, distribui\u00e7\u00e3o ou transforma\u00e7\u00e3o dos conte\u00fados do site sem autoriza\u00e7\u00e3o por escrito do titular dos direitos correspondentes. Em qualquer caso, deve-se mencionar a origem do conte\u00fado quando utilizado, bem como o autor.\n\nA viola\u00e7\u00e3o, por terceiros, dos direitos de propriedade intelectual ou de qualquer outro direito sobre o conte\u00fado deste site, titularidade da Xunta de Galiza, dar\u00e1 origem \u00e0s responsabilidades legalmente estabelecidas.\n\n<h3><strong>CONTE\u00daDO DO SITE E LINKS<\/strong><\/h3>\nA informa\u00e7\u00e3o contida neste site pode n\u00e3o ser correta. Por isso, a Xunta de Galiza n\u00e3o se responsabiliza por qualquer dano ou perda, direta ou indireta, que possa advir da exatid\u00e3o, integridade ou veracidade da referida informa\u00e7\u00e3o, nem pelo uso do conte\u00fado do site por terceiros, nem por eventuais erros no acesso ao mesmo. Ao mesmo tempo, a Xunta de Galiza reserva-se o direito de suspender temporariamente a acessibilidade ao site quando necess\u00e1rio, sem aviso pr\u00e9vio.\n\nO acesso a este site \u00e9 de exclusiva responsabilidade do utilizador, implicando a aceita\u00e7\u00e3o e conhecimento das advert\u00eancias legais, condi\u00e7\u00f5es e termos de uso nele contidos. O utilizador garante a autenticidade e veracidade dos dados comunicados, tanto ao preencher os formul\u00e1rios de registo como em qualquer outro momento, sendo respons\u00e1vel pela atualiza\u00e7\u00e3o das informa\u00e7\u00f5es fornecidas de forma a refletir a sua situa\u00e7\u00e3o real. Tamb\u00e9m ser\u00e1 respons\u00e1vel pela inexatid\u00e3o ou falta de veracidade das informa\u00e7\u00f5es fornecidas.\n\nO utilizador compromete-se a fazer uso adequado dos conte\u00fados e servi\u00e7os que a Xunta de Galiza oferece atrav\u00e9s do seu portal, e, de forma enunciativa, mas n\u00e3o limitativa, a n\u00e3o utiliz\u00e1-los para:\n<ul>\n    <li>Realizar atividades il\u00edcitas, ilegais ou contr\u00e1rias ao bem p\u00fablico e \u00e0 ordem p\u00fablica;<\/li>\n    <li>Divulgar conte\u00fados ou propaganda de car\u00e1cter racista, xen\u00f3fobo, pornogr\u00e1fico-ilegal, de apologia do terrorismo ou ataque contra os direitos humanos;<\/li>\n    <li>Causar danos aos sistemas f\u00edsicos e l\u00f3gicos da entidade criadora do site, aos seus fornecedores ou a terceiros, e introduzir ou difundir v\u00edrus inform\u00e1ticos ou qualquer outro sistema suscet\u00edvel de causar os danos mencionados;<\/li>\n    <li>Tentar aceder e, se for o caso, utilizar contas de email de outros utilizadores e modificar ou manipular suas mensagens.<\/li>\n<\/ul>\nA Xunta de Galiza reserva-se o direito de remover todos os coment\u00e1rios e contribui\u00e7\u00f5es que violem o respeito \u00e0 dignidade da pessoa, que sejam discriminat\u00f3rios, xen\u00f3fobos, racistas, pornogr\u00e1ficos, que atentem contra a juventude ou a inf\u00e2ncia, a ordem ou a seguran\u00e7a p\u00fablica ou que, a seu crit\u00e9rio, n\u00e3o sejam adequados para publica\u00e7\u00e3o.\n\nEm qualquer caso, a Xunta de Galiza n\u00e3o ser\u00e1 respons\u00e1vel pelas opini\u00f5es expressas pelos utilizadores atrav\u00e9s de f\u00f3runs, chats ou outras ferramentas de participa\u00e7\u00e3o.\n\nEste site cont\u00e9m links para p\u00e1ginas externas, cujo conte\u00fado n\u00e3o \u00e9 responsabilidade da Xunta de Galiza (sendo responsabilidade do utilizador seguir os termos e condi\u00e7\u00f5es de utiliza\u00e7\u00e3o das p\u00e1ginas consultadas), assim como n\u00e3o \u00e9 respons\u00e1vel pelo uso indevido ou atividades contr\u00e1rias \u00e0 lei, \u00e0 moral ou \u00e0 ordem p\u00fablica realizadas pelos utilizadores nessas p\u00e1ginas.\n\nDa mesma forma, o estabelecimento de qualquer hiperlink a partir de uma p\u00e1gina web deve direcionar para a p\u00e1gina principal, sendo proibida a reprodu\u00e7\u00e3o total ou parcial dos servi\u00e7os contidos no site da entidade.\n\n<h3><strong>MODIFICA\u00c7\u00d5ES DOS TERMOS E CONDI\u00c7\u00d5ES DE USO. ISEN\u00c7\u00c3O DE RESPONSABILIDADE<\/strong><\/h3>\nAs presentes condi\u00e7\u00f5es gerais e as particulares que eventualmente possam ser estabelecidas, com a reda\u00e7\u00e3o vigente em cada momento, t\u00eam dura\u00e7\u00e3o indefinida e permanecer\u00e3o em vigor enquanto o portal continuar ativo. A Xunta de Galiza reserva-se o direito unilateral de modificar as condi\u00e7\u00f5es de acesso a estas, bem como o seu conte\u00fado.\n\nO utilizador do site aceita e est\u00e1 obrigado ao cumprimento das seguintes condi\u00e7\u00f5es de uso: compromete-se a utilizar os servi\u00e7os e informa\u00e7\u00f5es oferecidos no site na forma apresentada, sem modificar os conte\u00fados e para uso exclusivo, n\u00e3o podendo ced\u00ea-los de qualquer forma, nem comunic\u00e1-los a terceiros, devendo utiliz\u00e1-los em seu pr\u00f3prio interesse de acordo com a natureza dos conte\u00fados.\n\nO utilizador compromete-se a utilizar as suas credenciais de acesso (nome e palavra-passe) exclusivamente como titular das mesmas, sendo da sua responsabilidade a sua cust\u00f3dia, confidencialidade e utiliza\u00e7\u00e3o correta. A Xunta de Galiza reserva-se o direito de modificar estas condi\u00e7\u00f5es gerais a qualquer momento e sem aviso pr\u00e9vio, pelo que o utilizador deve rever estas condi\u00e7\u00f5es sempre que aceder ao site.\n\nOs utilizadores s\u00e3o conscientes e aceitam voluntariamente que o uso da p\u00e1gina, servi\u00e7os e conte\u00fados ocorre, em qualquer caso, sob sua \u00fanica e exclusiva responsabilidade.\n\nA Xunta de Galiza fica isenta de qualquer responsabilidade por danos e perdas de qualquer natureza nos seguintes casos, sem car\u00e1ter limitativo:\n<ul>\n    <li>Pela impossibilidade ou dificuldade de se conectar \u00e0 rede de comunica\u00e7\u00f5es atrav\u00e9s da qual o site \u00e9 acess\u00edvel, independentemente do tipo de conex\u00e3o utilizada pelo utilizador.<\/li>\n    <li>Pela interrup\u00e7\u00e3o, suspens\u00e3o ou cancelamento do acesso ao site, bem como pela disponibilidade e continuidade do funcionamento do site ou dos seus servi\u00e7os ou conte\u00fados, quando devido a manuten\u00e7\u00e3o t\u00e9cnica do site ou a causas alheias ao controle da entidade, direta ou indiretamente.<\/li>\n    <li>Pela qualidade ou rapidez de acesso ao site e pelas condi\u00e7\u00f5es t\u00e9cnicas que o utilizador deve cumprir para aceder ao site e aos seus servi\u00e7os ou conte\u00fados.<\/li>\n    <li>Por v\u00edrus ou outros elementos que possam causar altera\u00e7\u00f5es no sistema inform\u00e1tico dos utilizadores ou em documentos eletr\u00f3nicos ou ficheiros a\u00ed armazenados.<\/li>\n    <li>Pela perda que o utilizador ou terceiros possam sofrer como consequ\u00eancia do uso da sua palavra-passe por outras pessoas, com ou sem o seu conhecimento.<\/li>\n<\/ul>\n\n<h3><strong>LEGISLA\u00c7\u00c3O E JURISDI\u00c7\u00c3O APLIC\u00c1VEIS<\/strong><\/h3>\nAs presentes condi\u00e7\u00f5es de uso regem-se pela lei espanhola, pelo que as partes devem submeter-se \u00e0 jurisdi\u00e7\u00e3o dos tribunais da cidade de Santiago de Compostela em caso de lit\u00edgio ou controv\u00e9rsia relacionada com a aplica\u00e7\u00e3o ou interpreta\u00e7\u00e3o destas condi\u00e7\u00f5es.\n\n<h3><strong>LIT\u00cdGIOS ONLINE<\/strong><\/h3>\nEm cumprimento do dever de informa\u00e7\u00e3o em mat\u00e9ria de resolu\u00e7\u00e3o de lit\u00edgios online, de acordo com o art. 14.1 do Regulamento (UE) 524\/2013, informamos que a Comiss\u00e3o Europeia disponibiliza uma plataforma de resolu\u00e7\u00e3o de lit\u00edgios online, acess\u00edvel atrav\u00e9s do seguinte link: <a href=\"http:\/\/ec.europa.eu\/consumers\/odr\/\">http:\/\/ec.europa.eu\/consumers\/odr\/<\/a>\n\t\t\t\t\t\t\t\t<\/div>\n\t\t\t\t<div class=\"elementor-element elementor-element-18effba elementor-hidden-desktop elementor-hidden-tablet elementor-hidden-mobile ob-has-background-overlay elementor-widget elementor-widget-html\" data-id=\"18effba\" data-element_type=\"widget\" data-e-type=\"widget\" data-settings=\"{&quot;_ob_poopart_use&quot;:&quot;yes&quot;}\" data-widget_type=\"html.default\">\n\t\t\t\t\t<style>\n\/*.custom-text {\n    padding: 30px;\n    color: color: var(--e-global-color-text);\n    background-color: white;\n    border-style: solid;\n    border-width: 1px;\n    border-color: var(--e-global-color-cd92cf8);\n    background-color: var(--e-global-color-bb5a631);\n    background-color: white;\n    border-radius: 20px;\n    font-weight: 400!important;\n}*\/\n.custom-text strong,\n.custom-text a{\n    color: var( --e-global-color-primary );\n    font-weight: 600!important;\n}\n.custom-text a:hover{\n    color: var( --e-global-color-primary );\n    text-decoration: underline;\n    font-weight: 600!important;\n}\n\/*\n.custom-text ol {\n      margin-bottom:20px;\n      font-weight:500;\n}\n.custom-text ol li {\n      color: var( --e-global-color-primary );\n}\n*\/\n.custom-text h2,\n.custom-text h3,\n.custom-text h4{\n  color: var( --e-global-color-primary );\n  font-weight: 600!important;\n  font-size: 24px;\n  line-height: 1.3em;\n  \/*text-transform: uppercase;*\/\n  margin-top: 0px;\n}\n.custom-text h3,\n.custom-text h4{\n  \/*color: var( --e-global-color-text );*\/\n  font-size: 22px;\n}\n.custom-text h2:not(:first-of-type),\n.custom-text h3:not(:first-of-type),\n.custom-text h4:not(:first-of-type) {\n  margin-top: 30px;\n}\n.custom-text h2:first-child {\n  margin-top: 0px;\n}\n.custom-text ol,\n.custom-text ul {\n  display: block;\n  padding-top: 20px;\n  padding-bottom: 10px;\n  padding-right: 20px;\n  flex-direction: row;\n  align-items: center;\n  justify-content: start;\n  margin-top: 20px;\n  margin-bottom: 20px;\n  border-radius: 0px; \n  background-color: white;\n  background-color: var(--e-global-color-7386959);\n  border:1px solid var(--e-global-color-secondary);\n}\n.custom-text ul li::marker,\n.custom-text ol li::marker {\n    color: var(--e-global-color-875050b);\n}\n.custom-text ol li,\n.custom-text ul li {\n  font-size: 16px!important;\n  margin: 0;\n  list-style:none;\n  list-style-type: square;\n  padding: 0 .2em; \/* indentation + .5em *\/\n  line-height: 1.2em; \/* default list item's `line-height` *\/\n  margin-bottom: 1em;\n  position: relative;\n  \/*color: var( --e-global-color-primary );*\/\n}\n.custom-text ol li:before,\n.custom-text ul li:before {\n    content:\"\";\n    top:0;\n    left:-20px;\n    position: absolute;\n    display: flex;\n    height: 100%;\n    \/*border-left:3px solid var( --e-global-color-primary );*\/\n}\n\n.custom-text ul li ul {\n  display: block;\n  padding-top: 20px;\n  padding-bottom: 10px;\n  padding-right: 20px;\n  flex-direction: row;\n  align-items: center;\n  justify-content: start;\n  background: rgb(255,255,255);\n\/*background: linear-gradient(90deg, rgba(255,255,255,1) 0%, rgba(222,236,253,1) 100%);*\/\n  margin-top: 20px;\n  margin-bottom: 20px;\n  margin-right: 20px;\n  border-radius: 0!important;\n}\n.custom-text ul li ul li {\n  margin: 0;\n  list-style:none;\n  padding: 0 .2em;\n  line-height: 1.2em;\n  margin-bottom: 1em;\n  position: relative;\n}\n.custom-text ul li ul li:before {\n    content:\"\";\n    top:0;\n    left:-20px;\n    position: absolute;\n    display: flex;\n    height: 100%;\n    border-left:3px solid var( --e-global-color-primary );\n}\n<\/style>\t\t\t\t<\/div>\n\t\t\t\t<div class=\"elementor-element elementor-element-8ea2b3d elementor-hidden-desktop elementor-hidden-tablet elementor-hidden-mobile ob-has-background-overlay elementor-widget elementor-widget-html\" data-id=\"8ea2b3d\" data-element_type=\"widget\" data-e-type=\"widget\" data-settings=\"{&quot;_ob_poopart_use&quot;:&quot;yes&quot;}\" data-widget_type=\"html.default\">\n\t\t\t\t\t<style>\n\/* Reset *\/\n.custom-text a, \n.custom-text strong, \n.custom-table,\n.custom-table thead,\n.custom-table tbody,\n.custom-table tfoot,\n.custom-table tr,\n.custom-table th,\n.custom-table td {\n  background: transparent !important;\n  background-image: none !important;\n  box-shadow: none !important;\n  border: 0;\n  margin: 0;\n  padding: 0;\n  color: inherit;\n  text-transform: none;\n  letter-spacing: normal;\n  -webkit-transition: all 0.2s!important;\n  -moz-transition: all 0.2s!important;\n  -o-transition: all 0.2s!important;\n   transition: all 0.2s!important;\n}\n\n\/* Quita zebra previa *\/\n.custom-table tbody tr:nth-child(odd),\n.custom-table tbody tr:nth-child(even) {\n  background: transparent !important;\n}\n\n\/* Normaliza tabla base *\/\n.custom-table {\n  width: 100%;\n  border-collapse: collapse;\n  margin: 50px 0;\n  overflow-x: auto; \/* scroll horizontal en m\u00f3vil *\/\n  background-color: var(--e-global-color-7386959);\n  border-radius: 12px;\n  overflow: hidden;\n  box-shadow: 0 4px 12px rgba(0,0,0,.08);\n  font-size: 15px;\n  line-height: 1.4;\n}\n\n\/* Cabecera *\/\n.custom-table thead {\n  background-color: var(--e-global-color-primary) !important;\n  color: #fff !important;\n  font-size: 13px;\n  font-weight: 600;\n  text-transform: uppercase;\n  letter-spacing: .05em;\n}\n\n.custom-table th {\n  padding: 16px 20px;\n  text-align: left;\n  border: 1px solid var(--e-global-color-secondary);\n}\n\n\/* Celdas *\/\n.custom-table td {\n  padding: 14px 20px;\n  border: 1px solid var(--e-global-color-secondary);\n  vertical-align: top;\n  transition: background-color .3s ease, color .3s ease;\n}\n\n\/* Zebra *\/\n.custom-table tbody tr:nth-child(even) { background-color: #fff; }\n.custom-table tbody tr:nth-child(odd)  { background-color: var(--e-global-color-7386959) !important; }\n\n\/* Hover *\/\n.custom-table tbody tr:hover {\n  background-color: var(--e-global-color-875050b) !important;\n  color: #000;\n}\n\n\/* Enlaces *\/\n.custom-table a {\n  color: var(--e-global-color-accent);\n  font-weight: 600;\n  text-decoration: none;\n}\n.custom-table a:hover { text-decoration: underline; }\n\n\/* Responsive *\/\n@media (max-width: 768px) {\n  .custom-table { font-size: 13px; }\n  .custom-table th,\n  .custom-table td { padding: 12px 14px; }\n}\n\n<\/style>\t\t\t\t<\/div>\n\t\t\t\t<\/div>\n\t\t\t\t\t<\/div>\n\t\t\t\t<\/div>\n\t\t\t\t<\/div>\n\t\t","protected":false},"excerpt":{"rendered":"<p>Aviso legal Este site web \u00e9 propriedade do ES-Factory. O acesso e uso dos seus conte\u00fados implica a aceita\u00e7\u00e3o das condi\u00e7\u00f5es estabelecidas neste aviso legal. Aqui s\u00e3o detalhados a titularidade, finalidade e condi\u00e7\u00f5es de uso da informa\u00e7\u00e3o publicada. INFORMA\u00c7\u00c3O GERAL O endere\u00e7o URL https:\/\/es-factory.eu\/ do site \u00e9 um dom\u00ednio registado pela Xunta de Galiza. Esta [&hellip;]<\/p>\n","protected":false},"author":1,"featured_media":0,"parent":0,"menu_order":0,"comment_status":"closed","ping_status":"closed","template":"","meta":{"footnotes":""},"class_list":["post-4204","page","type-page","status-publish","hentry"],"_links":{"self":[{"href":"https:\/\/es-factory.eu\/pt-pt\/wp-json\/wp\/v2\/pages\/4204","targetHints":{"allow":["GET"]}}],"collection":[{"href":"https:\/\/es-factory.eu\/pt-pt\/wp-json\/wp\/v2\/pages"}],"about":[{"href":"https:\/\/es-factory.eu\/pt-pt\/wp-json\/wp\/v2\/types\/page"}],"author":[{"embeddable":true,"href":"https:\/\/es-factory.eu\/pt-pt\/wp-json\/wp\/v2\/users\/1"}],"replies":[{"embeddable":true,"href":"https:\/\/es-factory.eu\/pt-pt\/wp-json\/wp\/v2\/comments?post=4204"}],"version-history":[{"count":0,"href":"https:\/\/es-factory.eu\/pt-pt\/wp-json\/wp\/v2\/pages\/4204\/revisions"}],"wp:attachment":[{"href":"https:\/\/es-factory.eu\/pt-pt\/wp-json\/wp\/v2\/media?parent=4204"}],"curies":[{"name":"wp","href":"https:\/\/api.w.org\/{rel}","templated":true}]}}