{"id":4246,"date":"2025-08-25T12:28:09","date_gmt":"2025-08-25T10:28:09","guid":{"rendered":"https:\/\/es-factory.eu\/politica-de-privacidad\/"},"modified":"2025-11-12T16:50:33","modified_gmt":"2025-11-12T15:50:33","slug":"politica-de-privacidad","status":"publish","type":"page","link":"https:\/\/es-factory.eu\/pt-pt\/politica-de-privacidad\/","title":{"rendered":"Pol\u00edtica de Privacidad"},"content":{"rendered":"\t\t<div data-elementor-type=\"wp-page\" data-elementor-id=\"4246\" class=\"elementor elementor-4246 elementor-2954\" data-elementor-post-type=\"page\">\n\t\t\t\t<div class=\"elementor-element elementor-element-64794b88 e-flex e-con-boxed e-con e-parent\" data-id=\"64794b88\" data-element_type=\"container\" data-e-type=\"container\" data-settings=\"{&quot;background_background&quot;:&quot;gradient&quot;,&quot;jet_parallax_layout_list&quot;:[],&quot;_ha_eqh_enable&quot;:false,&quot;_ob_column_has_pseudo&quot;:&quot;no&quot;}\">\n\t\t\t\t\t<div class=\"e-con-inner\">\n\t\t\t\t<div class=\"elementor-element elementor-element-4d9bf27 ha-infobox-media-dir-left elementor-widget__width-auto ha-infobox-media-dir-mobile-left elementor-widget-mobile__width-auto elementor-invisible elementor-widget elementor-widget-ha-infobox happy-addon ha-infobox\" data-id=\"4d9bf27\" data-element_type=\"widget\" data-e-type=\"widget\" data-settings=\"{&quot;_animation&quot;:&quot;fadeInRight&quot;}\" data-widget_type=\"ha-infobox.default\">\n\t\t\t\t\t\n\t\t\t\t\t<figure class=\"ha-infobox-figure ha-infobox-figure--icon\">\n\t\t\t\t<i class=\"huge huge-legal-hammer\"><\/i>\t\t\t<\/figure>\n\t\t\n\t\t<div class=\"ha-infobox-body\">\n\t\t\t<h2 class=\"ha-infobox-title\">Pol\u00edtica de privacidade<\/h2>\n\t\t\t\t\t\t\t<div class=\"ha-infobox-text\">\n\t\t\t\t\t<p>Na ES-Factory, comprometemo-nos a proteger a privacidade dos utilizadores. Nesta sec\u00e7\u00e3o, informamos sobre como recolhemos, utilizamos e protegemos os dados pessoais em conformidade com a legisla\u00e7\u00e3o vigente em mat\u00e9ria de prote\u00e7\u00e3o de dados.\n<\/p>\n\t\t\t\t<\/div>\n\t\t\t\n\t\t\t\t\t<\/div>\n\t\t\t\t\t\t<\/div>\n\t\t\t\t<div class=\"elementor-element elementor-element-a719d7d animated-fast elementor-widget-divider--view-line elementor-invisible ob-has-background-overlay elementor-widget elementor-widget-divider\" data-id=\"a719d7d\" data-element_type=\"widget\" data-e-type=\"widget\" data-settings=\"{&quot;_animation&quot;:&quot;fadeInLeft&quot;,&quot;_animation_mobile&quot;:&quot;fadeInUp&quot;,&quot;_ob_poopart_use&quot;:&quot;yes&quot;}\" data-widget_type=\"divider.default\">\n\t\t\t\t\t\t\t<div class=\"elementor-divider\">\n\t\t\t<span class=\"elementor-divider-separator\">\n\t\t\t\t\t\t<\/span>\n\t\t<\/div>\n\t\t\t\t\t\t<\/div>\n\t\t\t\t\t<\/div>\n\t\t\t\t<\/div>\n\t\t<div class=\"elementor-element elementor-element-240b327 e-flex e-con-boxed e-con e-parent\" data-id=\"240b327\" data-element_type=\"container\" data-e-type=\"container\" data-settings=\"{&quot;background_background&quot;:&quot;gradient&quot;,&quot;_ha_eqh_enable&quot;:&quot;yes&quot;,&quot;jet_parallax_layout_list&quot;:[],&quot;_ha_eqh_to&quot;:&quot;widget&quot;,&quot;_ha_eqh_disable_on_tablet&quot;:&quot;no&quot;,&quot;_ha_eqh_disable_on_mobile&quot;:&quot;yes&quot;,&quot;_ob_column_has_pseudo&quot;:&quot;no&quot;}\">\n\t\t\t\t\t<div class=\"e-con-inner\">\n\t\t<div class=\"elementor-element elementor-element-caea126 e-con-full e-flex e-con e-child\" data-id=\"caea126\" data-element_type=\"container\" data-e-type=\"container\" data-settings=\"{&quot;background_background&quot;:&quot;classic&quot;,&quot;_ha_eqh_enable&quot;:&quot;yes&quot;,&quot;_ha_eqh_widget&quot;:[&quot;ha-infobox&quot;],&quot;jet_parallax_layout_list&quot;:[],&quot;_ha_eqh_to&quot;:&quot;widget&quot;,&quot;_ha_eqh_disable_on_tablet&quot;:&quot;no&quot;,&quot;_ha_eqh_disable_on_mobile&quot;:&quot;yes&quot;,&quot;_ob_column_has_pseudo&quot;:&quot;no&quot;}\">\n\t\t\t\t<div class=\"elementor-element elementor-element-a8474c8 custom-text ob-has-background-overlay elementor-widget elementor-widget-text-editor\" data-id=\"a8474c8\" data-element_type=\"widget\" data-e-type=\"widget\" data-settings=\"{&quot;_ob_poopart_use&quot;:&quot;yes&quot;}\" data-widget_type=\"text-editor.default\">\n\t\t\t\t\t\t\t\t\t<h3><strong>POL\u00cdTICA DE PRIVACIDADE<\/strong><\/h3>\nEm conformidade com a normativa vigente em mat\u00e9ria de prote\u00e7\u00e3o de dados, o Regulamento (UE) 2016\/679 do Parlamento Europeu e do Conselho de 27 de abril de 2016 (RGPD) e a Lei Org\u00e2nica 3\/2018, de 5 de dezembro, de prote\u00e7\u00e3o de dados e garantia dos direitos digitais (LOPDGDD), oferecemos as seguintes informa\u00e7\u00f5es adicionais sobre o tratamento que realizamos dos dados pessoais.  \n\n<h3><strong>RESPONS\u00c1VEL PELO TRATAMENTO DOS DADOS PESSOAIS<\/strong><\/h3>\nA responsabilidade pelo tratamento recai sobre o \u00f3rg\u00e3o ou entidade que determina as finalidades e os meios de tratamento dos dados pessoais. No \u00e2mbito da Xunta de Galicia, em geral, seriam as secretarias gerais t\u00e9cnicas das conselharias, da Presid\u00eancia e da Vice-presid\u00eancia. No caso das entidades instrumentais do setor p\u00fablico auton\u00f4mico com personalidade jur\u00eddica pr\u00f3pria, a responsabilidade recair\u00e1 sobre a dire\u00e7\u00e3o da entidade.  \n\nOs utilizadores deste portal t\u00eam \u00e0 sua disposi\u00e7\u00e3o todas as informa\u00e7\u00f5es relativas ao tratamento dos dados pessoais realizado pela Xunta de Galicia, incluindo a forma de exercer os seus direitos, o contacto com os delegados de prote\u00e7\u00e3o de dados e outros aspetos de acordo com o exigido pelo Regulamento Europeu de Prote\u00e7\u00e3o de Dados Pessoais, no seguinte link:\nInforma\u00e7\u00e3o sobre prote\u00e7\u00e3o de dados pessoais (<a href=\"https:\/\/www.xunta.gal\/informacion-xeral-proteccion-datos\">[https:\/\/www.xunta.gal\/informacion-xeral-proteccion-datos](https:\/\/www.xunta.gal\/informacion-xeral-proteccion-datos)<\/a>).\n\n<h3><strong>TRATAMENTO DE DADOS<\/strong><\/h3>\n\n<h3><strong>COM QUE FINALIDADE TRATAMOS OS SEUS DADOS PESSOAIS?<\/strong><\/h3>\nTratamos os dados pessoais que nos fornece para a gest\u00e3o das suas consultas, principalmente atrav\u00e9s do formul\u00e1rio web.  \n\nTamb\u00e9m podemos trat\u00e1-los para o envio de informa\u00e7\u00f5es ou an\u00fancios de eventos de interesse relacionados com a tem\u00e1tica do projeto ES-Factory.\n\nA Xunta de Galicia compromete-se a tratar os dados com total confidencialidade e a aplicar medidas de seguran\u00e7a adequadas, f\u00edsicas, t\u00e9cnicas e organizativas, para a prote\u00e7\u00e3o dos seus dados pessoais.\n\nO tratamento ficar\u00e1 limitado ao tempo estritamente necess\u00e1rio para cumprir a sua finalidade e, em qualquer caso, durante o per\u00edodo de dura\u00e7\u00e3o do projeto, at\u00e9 agosto de 2022.\n\nSe decidir cancelar os seus dados pessoais, estes poder\u00e3o ser conservados nas nossas bases de dados pelos prazos previstos na legisla\u00e7\u00e3o para o cumprimento de obriga\u00e7\u00f5es fiscais e contabil\u00edsticas, sendo eliminados ap\u00f3s o t\u00e9rmino desses prazos.\n\n<h3><strong>QUAL \u00c9 A BASE LEGAL PARA O TRATAMENTO DOS SEUS DADOS?<\/strong><\/h3>\nA base legal para o tratamento dos seus dados \u00e9 o consentimento que deve conceder para que possamos responder \u00e0s suas consultas e enviar-lhe informa\u00e7\u00f5es.  \n\nOs dados fornecidos pela pessoa interessada ser\u00e3o utilizados \u00fanica e exclusivamente para os fins previstos no procedimento ou a\u00e7\u00e3o em quest\u00e3o. Em nenhum caso ser\u00e3o objeto de tratamento ou cess\u00e3o a terceiros sem o consentimento inequ\u00edvoco do titular.\n\n<h3><strong>A QUE DESTINAT\u00c1RIOS SER\u00c3O COMUNICADOS OS SEUS DADOS?<\/strong><\/h3>\nOs dados pessoais n\u00e3o ser\u00e3o cedidos a nenhuma entidade, exceto aqueles que sejam necess\u00e1rios a organismos p\u00fablicos por obriga\u00e7\u00e3o legal.  \n\nCaso se utilize o servi\u00e7o Mailchimp, ser\u00e1 realizada uma transfer\u00eancia internacional de dados amparada pelo Privacy Shield, em conformidade com a normativa europeia de prote\u00e7\u00e3o de dados.\n\n<h3><strong>QUAIS S\u00c3O OS SEUS DIREITOS QUANDO NOS FORNECE OS DADOS?<\/strong><\/h3>\nQualquer pessoa tem direito a obter confirma\u00e7\u00e3o sobre se estamos ou n\u00e3o a tratar dados pessoais que lhe digam respeito.  \n\nAl\u00e9m disso, os titulares dos dados t\u00eam direito a aceder aos seus dados pessoais, solicitar a retifica\u00e7\u00e3o dos dados incorretos ou pedir a elimina\u00e7\u00e3o dos mesmos quando deixem de ser necess\u00e1rios para as finalidades para as quais foram recolhidos. Para isso, dever\u00e1 apresentar uma c\u00f3pia do seu documento de identifica\u00e7\u00e3o v\u00e1lido.\n\nEm determinadas circunst\u00e2ncias, os titulares poder\u00e3o solicitar a limita\u00e7\u00e3o do tratamento dos seus dados, caso em que os conservaremos apenas para o exerc\u00edcio ou defesa de reclama\u00e7\u00f5es.\n\nEm determinadas situa\u00e7\u00f5es e por motivos relacionados com a sua situa\u00e7\u00e3o particular, poder\u00e3o opor-se ao tratamento dos seus dados pessoais. A organiza\u00e7\u00e3o deixar\u00e1 de trat\u00e1-los, salvo por motivos leg\u00edtimos ou pelo exerc\u00edcio de defesa de eventuais reclama\u00e7\u00f5es.\n\nOs titulares tamb\u00e9m t\u00eam direito \u00e0 portabilidade dos seus dados pessoais, podendo, quando tecnicamente poss\u00edvel, ser comunicados diretamente ao novo respons\u00e1vel.\n\nMais informa\u00e7\u00f5es sobre os seus direitos podem ser obtidas na p\u00e1gina web da Ag\u00eancia Espanhola de Prote\u00e7\u00e3o de Dados: <a href=\"http:\/\/www.agpd.es\">[www.agpd.es](http:\/\/www.agpd.es)<\/a>.\n\nAl\u00e9m disso, os titulares dos dados t\u00eam direito a apresentar uma reclama\u00e7\u00e3o perante a Ag\u00eancia Espanhola de Prote\u00e7\u00e3o de Dados, atrav\u00e9s do seguinte link: <a href=\"https:\/\/sedeagpd.gob.es\/sede-electronica-web\/vistas\/formQuejasSugerencias\/seleccionarQuejaSugerencia.jsf\">[https:\/\/sedeagpd.gob.es\/sede-electronica-web\/vistas\/formQuejasSugerencias\/seleccionarQuejaSugerencia.jsf](https:\/\/sedeagpd.gob.es\/sede-electronica-web\/vistas\/formQuejasSugerencias\/seleccionarQuejaSugerencia.jsf)<\/a>.\n\n<h3><strong>RESPONSABILIDADES E COMPROMISSOS DO UTILIZADOR<\/strong><\/h3>\nO utilizador garante que tem mais de 14 anos e que as informa\u00e7\u00f5es fornecidas s\u00e3o exatas e verdadeiras, comprometendo-se a informar a Xunta de Galicia sobre qualquer altera\u00e7\u00e3o nas informa\u00e7\u00f5es solicitadas, identificando-se como utilizador do site e especificando os dados modificados.  \n\nO utilizador deve manter em sigilo as suas senhas e c\u00f3digos de identifica\u00e7\u00e3o e informar a Xunta de Galicia, o mais rapidamente poss\u00edvel, em caso de perda, roubo ou acesso n\u00e3o autorizado. A Xunta n\u00e3o se responsabiliza pelo uso indevido por terceiros n\u00e3o autorizados.\n\nCaso, durante a presta\u00e7\u00e3o de servi\u00e7os, sejam fornecidos \u00e0 Xunta de Galicia dados pessoais de terceiros, o utilizador garante que tem autoriza\u00e7\u00e3o leg\u00edtima para os fornecer e que informou a pessoa interessada sobre a sua ced\u00eancia, obtendo o seu consentimento. O utilizador ser\u00e1 respons\u00e1vel pelo incumprimento destas obriga\u00e7\u00f5es.\n\t\t\t\t\t\t\t\t<\/div>\n\t\t\t\t<div class=\"elementor-element elementor-element-6f36441 elementor-hidden-desktop elementor-hidden-tablet elementor-hidden-mobile ob-has-background-overlay elementor-widget elementor-widget-html\" data-id=\"6f36441\" data-element_type=\"widget\" data-e-type=\"widget\" data-settings=\"{&quot;_ob_poopart_use&quot;:&quot;yes&quot;}\" data-widget_type=\"html.default\">\n\t\t\t\t\t<style>\n\/*.custom-text {\n    padding: 30px;\n    color: color: var(--e-global-color-text);\n    background-color: white;\n    border-style: solid;\n    border-width: 1px;\n    border-color: var(--e-global-color-cd92cf8);\n    background-color: var(--e-global-color-bb5a631);\n    background-color: white;\n    border-radius: 20px;\n    font-weight: 400!important;\n}*\/\n.custom-text strong,\n.custom-text a{\n    color: var( --e-global-color-primary );\n    font-weight: 600!important;\n}\n.custom-text a:hover{\n    color: var( --e-global-color-primary );\n    text-decoration: underline;\n    font-weight: 600!important;\n}\n\/*\n.custom-text ol {\n      margin-bottom:20px;\n      font-weight:500;\n}\n.custom-text ol li {\n      color: var( --e-global-color-primary );\n}\n*\/\n.custom-text h2,\n.custom-text h3,\n.custom-text h4{\n  color: var( --e-global-color-primary );\n  font-weight: 600!important;\n  font-size: 24px;\n  line-height: 1.3em;\n  \/*text-transform: uppercase;*\/\n  margin-top: 0px;\n}\n.custom-text h3,\n.custom-text h4{\n  \/*color: var( --e-global-color-text );*\/\n  font-size: 22px;\n}\n.custom-text h2:not(:first-of-type),\n.custom-text h3:not(:first-of-type),\n.custom-text h4:not(:first-of-type) {\n  margin-top: 30px;\n}\n.custom-text h2:first-child {\n  margin-top: 0px;\n}\n.custom-text ol,\n.custom-text ul {\n  display: block;\n  padding-top: 20px;\n  padding-bottom: 10px;\n  padding-right: 20px;\n  flex-direction: row;\n  align-items: center;\n  justify-content: start;\n  margin-top: 20px;\n  margin-bottom: 20px;\n  border-radius: 0px; \n  background-color: white;\n  background-color: var(--e-global-color-7386959);\n  border:1px solid var(--e-global-color-secondary);\n}\n.custom-text ul li::marker,\n.custom-text ol li::marker {\n    color: var(--e-global-color-875050b);\n}\n.custom-text ol li,\n.custom-text ul li {\n  font-size: 16px!important;\n  margin: 0;\n  list-style:none;\n  list-style-type: square;\n  padding: 0 .2em; \/* indentation + .5em *\/\n  line-height: 1.2em; \/* default list item's `line-height` *\/\n  margin-bottom: 1em;\n  position: relative;\n  \/*color: var( --e-global-color-primary );*\/\n}\n.custom-text ol li:before,\n.custom-text ul li:before {\n    content:\"\";\n    top:0;\n    left:-20px;\n    position: absolute;\n    display: flex;\n    height: 100%;\n    \/*border-left:3px solid var( --e-global-color-primary );*\/\n}\n\n.custom-text ul li ul {\n  display: block;\n  padding-top: 20px;\n  padding-bottom: 10px;\n  padding-right: 20px;\n  flex-direction: row;\n  align-items: center;\n  justify-content: start;\n  background: rgb(255,255,255);\n\/*background: linear-gradient(90deg, rgba(255,255,255,1) 0%, rgba(222,236,253,1) 100%);*\/\n  margin-top: 20px;\n  margin-bottom: 20px;\n  margin-right: 20px;\n  border-radius: 0!important;\n}\n.custom-text ul li ul li {\n  margin: 0;\n  list-style:none;\n  padding: 0 .2em;\n  line-height: 1.2em;\n  margin-bottom: 1em;\n  position: relative;\n}\n.custom-text ul li ul li:before {\n    content:\"\";\n    top:0;\n    left:-20px;\n    position: absolute;\n    display: flex;\n    height: 100%;\n    border-left:3px solid var( --e-global-color-primary );\n}\n.custom-text h3:nth-child(2n):has(+ h3:nth-child(1n)) {\n  color: var(--e-global-color-accent) !important;\n}\n<\/style>\t\t\t\t<\/div>\n\t\t\t\t<div class=\"elementor-element elementor-element-906e5ea elementor-hidden-desktop elementor-hidden-tablet elementor-hidden-mobile ob-has-background-overlay elementor-widget elementor-widget-html\" data-id=\"906e5ea\" data-element_type=\"widget\" data-e-type=\"widget\" data-settings=\"{&quot;_ob_poopart_use&quot;:&quot;yes&quot;}\" data-widget_type=\"html.default\">\n\t\t\t\t\t<style>\n\/* Reset *\/\n.custom-text a, \n.custom-text strong, \n.custom-table,\n.custom-table thead,\n.custom-table tbody,\n.custom-table tfoot,\n.custom-table tr,\n.custom-table th,\n.custom-table td {\n  background: transparent !important;\n  background-image: none !important;\n  box-shadow: none !important;\n  border: 0;\n  margin: 0;\n  padding: 0;\n  color: inherit;\n  text-transform: none;\n  letter-spacing: normal;\n  -webkit-transition: all 0.2s!important;\n  -moz-transition: all 0.2s!important;\n  -o-transition: all 0.2s!important;\n   transition: all 0.2s!important;\n}\n\n\/* Quita zebra previa *\/\n.custom-table tbody tr:nth-child(odd),\n.custom-table tbody tr:nth-child(even) {\n  background: transparent !important;\n}\n\n\/* Normaliza tabla base *\/\n.custom-table {\n  width: 100%;\n  border-collapse: collapse;\n  margin: 50px 0;\n  overflow-x: auto; \/* scroll horizontal en m\u00f3vil *\/\n  background-color: var(--e-global-color-7386959);\n  border-radius: 12px;\n  overflow: hidden;\n  box-shadow: 0 4px 12px rgba(0,0,0,.08);\n  font-size: 15px;\n  line-height: 1.4;\n}\n\n\/* Cabecera *\/\n.custom-table thead {\n  background-color: var(--e-global-color-primary) !important;\n  color: #fff !important;\n  font-size: 13px;\n  font-weight: 600;\n  text-transform: uppercase;\n  letter-spacing: .05em;\n}\n\n.custom-table th {\n  padding: 16px 20px;\n  text-align: left;\n  border: 1px solid var(--e-global-color-secondary);\n}\n\n\/* Celdas *\/\n.custom-table td {\n  padding: 14px 20px;\n  border: 1px solid var(--e-global-color-secondary);\n  vertical-align: top;\n  transition: background-color .3s ease, color .3s ease;\n}\n\n\/* Zebra *\/\n.custom-table tbody tr:nth-child(even) { background-color: #fff; }\n.custom-table tbody tr:nth-child(odd)  { background-color: var(--e-global-color-7386959) !important; }\n\n\/* Hover *\/\n.custom-table tbody tr:hover {\n  background-color: var(--e-global-color-875050b) !important;\n  color: #000;\n}\n\n\/* Enlaces *\/\n.custom-table a {\n  color: var(--e-global-color-accent);\n  font-weight: 600;\n  text-decoration: none;\n}\n.custom-table a:hover { text-decoration: underline; }\n\n\/* Responsive *\/\n@media (max-width: 768px) {\n  .custom-table { font-size: 13px; }\n  .custom-table th,\n  .custom-table td { padding: 12px 14px; }\n}\n\n<\/style>\t\t\t\t<\/div>\n\t\t\t\t<\/div>\n\t\t\t\t\t<\/div>\n\t\t\t\t<\/div>\n\t\t\t\t<\/div>\n\t\t","protected":false},"excerpt":{"rendered":"<p>Pol\u00edtica de privacidade Na ES-Factory, comprometemo-nos a proteger a privacidade dos utilizadores. Nesta sec\u00e7\u00e3o, informamos sobre como recolhemos, utilizamos e protegemos os dados pessoais em conformidade com a legisla\u00e7\u00e3o vigente em mat\u00e9ria de prote\u00e7\u00e3o de dados. POL\u00cdTICA DE PRIVACIDADE Em conformidade com a normativa vigente em mat\u00e9ria de prote\u00e7\u00e3o de dados, o Regulamento (UE) 2016\/679 [&hellip;]<\/p>\n","protected":false},"author":1,"featured_media":0,"parent":0,"menu_order":0,"comment_status":"closed","ping_status":"closed","template":"","meta":{"footnotes":""},"class_list":["post-4246","page","type-page","status-publish","hentry"],"_links":{"self":[{"href":"https:\/\/es-factory.eu\/pt-pt\/wp-json\/wp\/v2\/pages\/4246","targetHints":{"allow":["GET"]}}],"collection":[{"href":"https:\/\/es-factory.eu\/pt-pt\/wp-json\/wp\/v2\/pages"}],"about":[{"href":"https:\/\/es-factory.eu\/pt-pt\/wp-json\/wp\/v2\/types\/page"}],"author":[{"embeddable":true,"href":"https:\/\/es-factory.eu\/pt-pt\/wp-json\/wp\/v2\/users\/1"}],"replies":[{"embeddable":true,"href":"https:\/\/es-factory.eu\/pt-pt\/wp-json\/wp\/v2\/comments?post=4246"}],"version-history":[{"count":0,"href":"https:\/\/es-factory.eu\/pt-pt\/wp-json\/wp\/v2\/pages\/4246\/revisions"}],"wp:attachment":[{"href":"https:\/\/es-factory.eu\/pt-pt\/wp-json\/wp\/v2\/media?parent=4246"}],"curies":[{"name":"wp","href":"https:\/\/api.w.org\/{rel}","templated":true}]}}