{"id":4248,"date":"2025-08-25T12:28:36","date_gmt":"2025-08-25T10:28:36","guid":{"rendered":"https:\/\/es-factory.eu\/politica-de-cookies\/"},"modified":"2025-11-12T16:42:50","modified_gmt":"2025-11-12T15:42:50","slug":"politica-de-cookies","status":"publish","type":"page","link":"https:\/\/es-factory.eu\/pt-pt\/politica-de-cookies\/","title":{"rendered":"Pol\u00edtica de Cookies"},"content":{"rendered":"\t\t<div data-elementor-type=\"wp-page\" data-elementor-id=\"4248\" class=\"elementor elementor-4248 elementor-2956\" data-elementor-post-type=\"page\">\n\t\t\t\t<div class=\"elementor-element elementor-element-64794b88 e-flex e-con-boxed e-con e-parent\" data-id=\"64794b88\" data-element_type=\"container\" data-e-type=\"container\" data-settings=\"{&quot;background_background&quot;:&quot;gradient&quot;,&quot;jet_parallax_layout_list&quot;:[],&quot;_ha_eqh_enable&quot;:false,&quot;_ob_column_has_pseudo&quot;:&quot;no&quot;}\">\n\t\t\t\t\t<div class=\"e-con-inner\">\n\t\t\t\t<div class=\"elementor-element elementor-element-4d9bf27 ha-infobox-media-dir-left elementor-widget__width-auto ha-infobox-media-dir-mobile-left elementor-widget-mobile__width-auto elementor-invisible elementor-widget elementor-widget-ha-infobox happy-addon ha-infobox\" data-id=\"4d9bf27\" data-element_type=\"widget\" data-e-type=\"widget\" data-settings=\"{&quot;_animation&quot;:&quot;fadeInRight&quot;}\" data-widget_type=\"ha-infobox.default\">\n\t\t\t\t\t\n\t\t\t\t\t<figure class=\"ha-infobox-figure ha-infobox-figure--icon\">\n\t\t\t\t<i class=\"huge huge-cookie\"><\/i>\t\t\t<\/figure>\n\t\t\n\t\t<div class=\"ha-infobox-body\">\n\t\t\t<h2 class=\"ha-infobox-title\">Pol\u00edtica de cookies<\/h2>\n\t\t\t\t\t\t\t<div class=\"ha-infobox-text\">\n\t\t\t\t\t<p>Este site utiliza cookies para melhorar a experi\u00eancia de navega\u00e7\u00e3o e oferecer conte\u00fados adaptados aos interesses dos utilizadores. Nesta sec\u00e7\u00e3o explica-se que tipos de cookies s\u00e3o utilizados, com que finalidade e como \u00e9 poss\u00edvel configur\u00e1-las ou desativ\u00e1-las.<\/p>\n\t\t\t\t<\/div>\n\t\t\t\n\t\t\t\t\t<\/div>\n\t\t\t\t\t\t<\/div>\n\t\t\t\t<div class=\"elementor-element elementor-element-a719d7d animated-fast elementor-widget-divider--view-line elementor-invisible ob-has-background-overlay elementor-widget elementor-widget-divider\" data-id=\"a719d7d\" data-element_type=\"widget\" data-e-type=\"widget\" data-settings=\"{&quot;_animation&quot;:&quot;fadeInLeft&quot;,&quot;_animation_mobile&quot;:&quot;fadeInUp&quot;,&quot;_ob_poopart_use&quot;:&quot;yes&quot;}\" data-widget_type=\"divider.default\">\n\t\t\t\t\t\t\t<div class=\"elementor-divider\">\n\t\t\t<span class=\"elementor-divider-separator\">\n\t\t\t\t\t\t<\/span>\n\t\t<\/div>\n\t\t\t\t\t\t<\/div>\n\t\t\t\t\t<\/div>\n\t\t\t\t<\/div>\n\t\t<div class=\"elementor-element elementor-element-61a9d71 e-flex e-con-boxed e-con e-parent\" data-id=\"61a9d71\" data-element_type=\"container\" data-e-type=\"container\" data-settings=\"{&quot;background_background&quot;:&quot;gradient&quot;,&quot;_ha_eqh_enable&quot;:&quot;yes&quot;,&quot;jet_parallax_layout_list&quot;:[],&quot;_ha_eqh_to&quot;:&quot;widget&quot;,&quot;_ha_eqh_disable_on_tablet&quot;:&quot;no&quot;,&quot;_ha_eqh_disable_on_mobile&quot;:&quot;yes&quot;,&quot;_ob_column_has_pseudo&quot;:&quot;no&quot;}\">\n\t\t\t\t\t<div class=\"e-con-inner\">\n\t\t<div class=\"elementor-element elementor-element-3892c89 e-con-full e-flex e-con e-child\" data-id=\"3892c89\" data-element_type=\"container\" data-e-type=\"container\" data-settings=\"{&quot;background_background&quot;:&quot;classic&quot;,&quot;_ha_eqh_enable&quot;:&quot;yes&quot;,&quot;_ha_eqh_widget&quot;:[&quot;ha-infobox&quot;],&quot;jet_parallax_layout_list&quot;:[],&quot;_ha_eqh_to&quot;:&quot;widget&quot;,&quot;_ha_eqh_disable_on_tablet&quot;:&quot;no&quot;,&quot;_ha_eqh_disable_on_mobile&quot;:&quot;yes&quot;,&quot;_ob_column_has_pseudo&quot;:&quot;no&quot;}\">\n\t\t\t\t<div class=\"elementor-element elementor-element-5624a7d custom-text ob-has-background-overlay elementor-widget elementor-widget-text-editor\" data-id=\"5624a7d\" data-element_type=\"widget\" data-e-type=\"widget\" data-settings=\"{&quot;_ob_poopart_use&quot;:&quot;yes&quot;}\" data-widget_type=\"text-editor.default\">\n\t\t\t\t\t\t\t\t\t<h3>POL\u00cdTICA DE COOKIES<\/h3>\nO site <strong>es-factory.eu<\/strong> utiliza cookies com o objetivo de lhe oferecer uma melhor experi\u00eancia de navega\u00e7\u00e3o. Al\u00e9m disso, caso d\u00ea o seu consentimento, utilizaremos cookies que nos permitam obter mais informa\u00e7\u00f5es sobre as suas prefer\u00eancias e personalizar o nosso site de acordo com os seus interesses individuais, proporcionando-lhe uma navega\u00e7\u00e3o mais fluida e personalizada.\n\nA partir de es-factory.eu queremos informar, de forma clara e precisa, sobre as cookies que utilizamos no nosso site. Poder\u00e1, em qualquer momento, aceit\u00e1-las, rejeit\u00e1-las ou configurar as diferentes cookies que utilizamos. Caso pretenda obter mais informa\u00e7\u00f5es sobre o uso e a finalidade que lhes damos, pode enviar um e-mail para\n<a href=\"mailto:info@es-factory.eu\">info@es-factory.eu<\/a>.\n\n<h3>O QUE \u00c9 UMA COOKIE?<\/h3>\nUma cookie \u00e9 um pequeno ficheiro que \u00e9 descarregado no computador, tablet ou smartphone do utilizador, com a finalidade de armazenar dados e informa\u00e7\u00f5es que poder\u00e3o ser atualizados e recuperados pela entidade respons\u00e1vel pela sua instala\u00e7\u00e3o.\n\nA informa\u00e7\u00e3o recolhida atrav\u00e9s das cookies pode incluir a data e hora das visitas ao site, as diferentes sec\u00e7\u00f5es que visualizou ou o tempo de perman\u00eancia no mesmo. Esta informa\u00e7\u00e3o ser\u00e1 utilizada pelo titular do site para melhorar os seus conte\u00fados, torn\u00e1-lo mais atrativo e posicionar corretamente os conte\u00fados que mais lhe interessam.\n\n<h3>Que tipos de cookies utiliza este site?<\/h3>\nEste site utiliza os seguintes tipos de cookies:\n\n<strong>\u2013 Cookies pr\u00f3prias<\/strong>\n\nEste tipo de cookie \u00e9 enviado para o seu computador e \u00e9 gerido exclusivamente por n\u00f3s para o melhor funcionamento do site. A informa\u00e7\u00e3o obtida \u00e9 utilizada para melhorar a qualidade do nosso servi\u00e7o e a sua experi\u00eancia como utilizador\/a.\n\n<strong>\u2013 Cookies de terceiros<\/strong>\n\nS\u00e3o as que s\u00e3o enviadas para o seu dispositivo a partir de um equipamento ou dom\u00ednio que n\u00e3o \u00e9 gerido por n\u00f3s, mas por outra entidade colaboradora; por exemplo, as cookies anal\u00edticas utilizadas pelo Google ou as utilizadas pelas redes sociais para permitir partilhar ou recomendar conte\u00fados do nosso site.\n\nAs cookies necess\u00e1rias s\u00e3o absolutamente essenciais para que o site funcione corretamente, garantindo funcionalidades b\u00e1sicas e caracter\u00edsticas de seguran\u00e7a de forma an\u00f3nima.\n\nAs cookies anal\u00edticas s\u00e3o utilizadas para compreender como interagem as pessoas que visitam o site. Estas cookies ajudam a fornecer informa\u00e7\u00e3o sobre m\u00e9tricas, n\u00famero de visitas, taxa de rejei\u00e7\u00e3o, origem do tr\u00e1fego, etc.\n\nAs cookies de desempenho s\u00e3o usadas para compreender e analisar os principais indicadores de desempenho do site, ajudando a proporcionar uma melhor experi\u00eancia \u00e0s pessoas que o visitam.\n\nAs cookies publicit\u00e1rias s\u00e3o utilizadas para oferecer an\u00fancios relevantes e campanhas de marketing. Estas cookies rastreiam os utilizadores do site e recolhem informa\u00e7\u00f5es para apresentar an\u00fancios personalizados.\n\nAs cookies funcionais ajudam a realizar certas funcionalidades, como partilhar o conte\u00fado do site em plataformas de redes sociais, recolher coment\u00e1rios e outras fun\u00e7\u00f5es de terceiros.\n\nEm concreto, as cookies utilizadas neste site s\u00e3o as seguintes:\n<div>\n<table class=\"custom-table\">\n<thead>\n<tr>\n<th><strong>Nome<\/strong><\/th>\n<th><strong>Finalidade<\/strong><\/th>\n<th><strong>Dura\u00e7\u00e3o<\/strong><\/th>\n<th><strong>Tipo<\/strong><\/th>\n<\/tr>\n<\/thead>\n<tbody>\n<tr>\n<td>__utma<\/td>\n<td>Para distinguir utilizadores e sess\u00f5es. De Google Analytics.<\/td>\n<td>2 anos<\/td>\n<td>An\u00e1lise<\/td>\n<\/tr>\n<tr>\n<td>__utmb<\/td>\n<td>Para determinar novas sess\u00f5es ou visitas. De Google Analytics.<\/td>\n<td>30 minutos<\/td>\n<td>An\u00e1lise<\/td>\n<\/tr>\n<tr>\n<td>__utmc<\/td>\n<td>Configurada para interagir com urchin.js. De Google Analytics.<\/td>\n<td>No final da sess\u00e3o<\/td>\n<td>An\u00e1lise<\/td>\n<\/tr>\n<tr>\n<td>__utmt<\/td>\n<td>Para limitar a percentagem de pedidos. De Google Analytics.<\/td>\n<td>10 minutos<\/td>\n<td>An\u00e1lise<\/td>\n<\/tr>\n<tr>\n<td>__utmz<\/td>\n<td>Armazena a origem do tr\u00e1fego ou a campanha que explica como o utilizador chegou ao site. De Google Analytics.<\/td>\n<td>6 meses<\/td>\n<td>An\u00e1lise<\/td>\n<\/tr>\n<tr>\n<td>cookielawinfo-checkbox-necessary<\/td>\n<td>Cont\u00e9m o valor de se a pol\u00edtica de cookies e privacidade foi aceite<\/td>\n<td>Expira com a sess\u00e3o<\/td>\n<td>T\u00e9cnica<\/td>\n<\/tr>\n<tr>\n<td>cookielawinfo-checkbox-non-necessary<\/td>\n<td>Cont\u00e9m o valor de se a pol\u00edtica de cookies e privacidade foi aceite<\/td>\n<td>Expira com a sess\u00e3o<\/td>\n<td>T\u00e9cnica<\/td>\n<\/tr>\n<\/tbody>\n<\/table>\n<\/div>\n\nEm conformidade com a <strong>Lei 34\/2002 e o RGPD, deve aceit\u00e1-las e dar o seu consentimento expresso<\/strong>.\n\nO nosso site tratar\u00e1 os dados que nos forne\u00e7a apenas com a finalidade de gerir o servi\u00e7o solicitado em cada momento. Poder\u00e1 sempre contactar-nos atrav\u00e9s do e-mail\n<a href=\"mailto:info@es-factory.eu\">info@es-factory.eu<\/a> ou por telefone para esclarecer todas as suas d\u00favidas.\n\n<h3>Como posso configurar ou desativar as cookies utilizadas neste site?<\/h3>\nDispomos de um plug-in que permite aceitar, rejeitar ou configurar as cookies a qualquer momento.\n\nAl\u00e9m disso, poder\u00e1 restringir ou bloquear as cookies atrav\u00e9s da modifica\u00e7\u00e3o das configura\u00e7\u00f5es do navegador que utiliza no seu dispositivo. De forma geral, os navegadores oferecem as seguintes op\u00e7\u00f5es de configura\u00e7\u00e3o em rela\u00e7\u00e3o \u00e0 instala\u00e7\u00e3o de cookies:\n<ul>\n \t<li><a href=\"https:\/\/support.microsoft.com\/pt-pt\/help\/17442\/windows-internet-explorer-delete-manage-cookies\" target=\"_blank\" rel=\"noopener\">Internet Explorer<\/a><\/li>\n \t<li><a href=\"https:\/\/support.mozilla.org\/pt-PT\/kb\/ativar-desativar-cookies-sites-rastrear-preferencias\" target=\"_blank\" rel=\"noopener\">Firefox<\/a><\/li>\n \t<li><a href=\"https:\/\/support.google.com\/accounts\/answer\/61416?co=GENIE.Platform%3DDesktop&amp;hl=pt-PT\" target=\"_blank\" rel=\"noopener\">Chrome<\/a><\/li>\n \t<li><a href=\"https:\/\/support.apple.com\/pt-pt\/guide\/safari\/sfri11471\/mac\" target=\"_blank\" rel=\"noopener\">Safari<\/a><\/li>\n<\/ul>\nSe impedir a instala\u00e7\u00e3o de todas as cookies deste site, algumas funcionalidades e conte\u00fados podem ser afetados.\n\n<h3>Altera\u00e7\u00f5es \u00e0 pol\u00edtica de cookies<\/h3>\n\u00c9 poss\u00edvel que atualizemos a pol\u00edtica de cookies do nosso site. Por este motivo, recomendamos que reveja esta pol\u00edtica sempre que aceder ao site, a fim de estar devidamente informado sobre como e para que utilizamos as cookies. A pol\u00edtica de cookies deste site foi atualizada pela \u00faltima vez em 24 de abril de 2020.\n\t\t\t\t\t\t\t\t<\/div>\n\t\t\t\t<div class=\"elementor-element elementor-element-8f2b4b3 elementor-hidden-desktop elementor-hidden-tablet elementor-hidden-mobile ob-has-background-overlay elementor-widget elementor-widget-html\" data-id=\"8f2b4b3\" data-element_type=\"widget\" data-e-type=\"widget\" data-settings=\"{&quot;_ob_poopart_use&quot;:&quot;yes&quot;}\" data-widget_type=\"html.default\">\n\t\t\t\t\t<style>\n\/*.custom-text {\n    padding: 30px;\n    color: color: var(--e-global-color-text);\n    background-color: white;\n    border-style: solid;\n    border-width: 1px;\n    border-color: var(--e-global-color-cd92cf8);\n    background-color: var(--e-global-color-bb5a631);\n    background-color: white;\n    border-radius: 20px;\n    font-weight: 400!important;\n}*\/\n.custom-text strong,\n.custom-text a{\n    color: var( --e-global-color-primary );\n    font-weight: 600!important;\n}\n.custom-text a:hover{\n    color: var( --e-global-color-primary );\n    text-decoration: underline;\n    font-weight: 600!important;\n}\n\/*\n.custom-text ol {\n      margin-bottom:20px;\n      font-weight:500;\n}\n.custom-text ol li {\n      color: var( --e-global-color-primary );\n}\n*\/\n.custom-text h2,\n.custom-text h3,\n.custom-text h4{\n  color: var( --e-global-color-primary );\n  font-weight: 600!important;\n  font-size: 24px;\n  line-height: 1.3em;\n  \/*text-transform: uppercase;*\/\n  margin-top: 0px;\n}\n.custom-text h3,\n.custom-text h4{\n  \/*color: var( --e-global-color-text );*\/\n  font-size: 22px;\n}\n.custom-text h2:not(:first-of-type),\n.custom-text h3:not(:first-of-type),\n.custom-text h4:not(:first-of-type) {\n  margin-top: 30px;\n}\n.custom-text h2:first-child {\n  margin-top: 0px;\n}\n.custom-text ol,\n.custom-text ul {\n  display: block;\n  padding-top: 20px;\n  padding-bottom: 10px;\n  padding-right: 20px;\n  flex-direction: row;\n  align-items: center;\n  justify-content: start;\n  margin-top: 20px;\n  margin-bottom: 20px;\n  border-radius: 0px; \n  background-color: white;\n  background-color: var(--e-global-color-7386959);\n  border:1px solid var(--e-global-color-secondary);\n}\n.custom-text ul li::marker,\n.custom-text ol li::marker {\n    color: var(--e-global-color-875050b);\n}\n.custom-text ol li,\n.custom-text ul li {\n  font-size: 16px!important;\n  margin: 0;\n  list-style:none;\n  list-style-type: square;\n  padding: 0 .2em; \/* indentation + .5em *\/\n  line-height: 1.2em; \/* default list item's `line-height` *\/\n  margin-bottom: 1em;\n  position: relative;\n  \/*color: var( --e-global-color-primary );*\/\n}\n.custom-text ol li:before,\n.custom-text ul li:before {\n    content:\"\";\n    top:0;\n    left:-20px;\n    position: absolute;\n    display: flex;\n    height: 100%;\n    \/*border-left:3px solid var( --e-global-color-primary );*\/\n}\n\n.custom-text ul li ul {\n  display: block;\n  padding-top: 20px;\n  padding-bottom: 10px;\n  padding-right: 20px;\n  flex-direction: row;\n  align-items: center;\n  justify-content: start;\n  background: rgb(255,255,255);\n\/*background: linear-gradient(90deg, rgba(255,255,255,1) 0%, rgba(222,236,253,1) 100%);*\/\n  margin-top: 20px;\n  margin-bottom: 20px;\n  margin-right: 20px;\n  border-radius: 0!important;\n}\n.custom-text ul li ul li {\n  margin: 0;\n  list-style:none;\n  padding: 0 .2em;\n  line-height: 1.2em;\n  margin-bottom: 1em;\n  position: relative;\n}\n.custom-text ul li ul li:before {\n    content:\"\";\n    top:0;\n    left:-20px;\n    position: absolute;\n    display: flex;\n    height: 100%;\n    border-left:3px solid var( --e-global-color-primary );\n}\n<\/style>\t\t\t\t<\/div>\n\t\t\t\t<div class=\"elementor-element elementor-element-557427d elementor-hidden-desktop elementor-hidden-tablet elementor-hidden-mobile ob-has-background-overlay elementor-widget elementor-widget-html\" data-id=\"557427d\" data-element_type=\"widget\" data-e-type=\"widget\" data-settings=\"{&quot;_ob_poopart_use&quot;:&quot;yes&quot;}\" data-widget_type=\"html.default\">\n\t\t\t\t\t<style>\n\/* Reset *\/\n.custom-text a, \n.custom-text strong, \n.custom-table,\n.custom-table thead,\n.custom-table tbody,\n.custom-table tfoot,\n.custom-table tr,\n.custom-table th,\n.custom-table td {\n  background: transparent !important;\n  background-image: none !important;\n  box-shadow: none !important;\n  border: 0;\n  margin: 0;\n  padding: 0;\n  color: inherit;\n  text-transform: none;\n  letter-spacing: normal;\n  -webkit-transition: all 0.2s!important;\n  -moz-transition: all 0.2s!important;\n  -o-transition: all 0.2s!important;\n   transition: all 0.2s!important;\n}\n\n\/* Quita zebra previa *\/\n.custom-table tbody tr:nth-child(odd),\n.custom-table tbody tr:nth-child(even) {\n  background: transparent !important;\n}\n\n\/* Normaliza tabla base *\/\n.custom-table {\n  width: 100%;\n  border-collapse: collapse;\n  margin: 50px 0;\n  overflow-x: auto; \/* scroll horizontal en m\u00f3vil *\/\n  background-color: var(--e-global-color-7386959);\n  border-radius: 12px;\n  overflow: hidden;\n  box-shadow: 0 4px 12px rgba(0,0,0,.08);\n  font-size: 15px;\n  line-height: 1.4;\n}\n\n\/* Cabecera *\/\n.custom-table thead {\n  background-color: var(--e-global-color-primary) !important;\n  color: #fff !important;\n  font-size: 13px;\n  font-weight: 600;\n  text-transform: uppercase;\n  letter-spacing: .05em;\n}\n\n.custom-table th {\n  padding: 16px 20px;\n  text-align: left;\n  border: 1px solid var(--e-global-color-secondary);\n}\n\n\/* Celdas *\/\n.custom-table td {\n  padding: 14px 20px;\n  border: 1px solid var(--e-global-color-secondary);\n  vertical-align: top;\n  transition: background-color .3s ease, color .3s ease;\n}\n\n\/* Zebra *\/\n.custom-table tbody tr:nth-child(even) { background-color: #fff; }\n.custom-table tbody tr:nth-child(odd)  { background-color: var(--e-global-color-7386959) !important; }\n\n\/* Hover *\/\n.custom-table tbody tr:hover {\n  background-color: var(--e-global-color-875050b) !important;\n  color: #000;\n}\n\n\/* Enlaces *\/\n.custom-table a {\n  color: var(--e-global-color-accent);\n  font-weight: 600;\n  text-decoration: none;\n}\n.custom-table a:hover { text-decoration: underline; }\n\n\/* Responsive *\/\n@media (max-width: 768px) {\n  .custom-table { font-size: 13px; }\n  .custom-table th,\n  .custom-table td { padding: 12px 14px; }\n}\n\n<\/style>\t\t\t\t<\/div>\n\t\t\t\t<\/div>\n\t\t\t\t\t<\/div>\n\t\t\t\t<\/div>\n\t\t\t\t<\/div>\n\t\t","protected":false},"excerpt":{"rendered":"<p>Pol\u00edtica de cookies Este site utiliza cookies para melhorar a experi\u00eancia de navega\u00e7\u00e3o e oferecer conte\u00fados adaptados aos interesses dos utilizadores. Nesta sec\u00e7\u00e3o explica-se que tipos de cookies s\u00e3o utilizados, com que finalidade e como \u00e9 poss\u00edvel configur\u00e1-las ou desativ\u00e1-las. POL\u00cdTICA DE COOKIES O site es-factory.eu utiliza cookies com o objetivo de lhe oferecer uma [&hellip;]<\/p>\n","protected":false},"author":1,"featured_media":0,"parent":0,"menu_order":0,"comment_status":"closed","ping_status":"closed","template":"","meta":{"footnotes":""},"class_list":["post-4248","page","type-page","status-publish","hentry"],"_links":{"self":[{"href":"https:\/\/es-factory.eu\/pt-pt\/wp-json\/wp\/v2\/pages\/4248","targetHints":{"allow":["GET"]}}],"collection":[{"href":"https:\/\/es-factory.eu\/pt-pt\/wp-json\/wp\/v2\/pages"}],"about":[{"href":"https:\/\/es-factory.eu\/pt-pt\/wp-json\/wp\/v2\/types\/page"}],"author":[{"embeddable":true,"href":"https:\/\/es-factory.eu\/pt-pt\/wp-json\/wp\/v2\/users\/1"}],"replies":[{"embeddable":true,"href":"https:\/\/es-factory.eu\/pt-pt\/wp-json\/wp\/v2\/comments?post=4248"}],"version-history":[{"count":0,"href":"https:\/\/es-factory.eu\/pt-pt\/wp-json\/wp\/v2\/pages\/4248\/revisions"}],"wp:attachment":[{"href":"https:\/\/es-factory.eu\/pt-pt\/wp-json\/wp\/v2\/media?parent=4248"}],"curies":[{"name":"wp","href":"https:\/\/api.w.org\/{rel}","templated":true}]}}